{"id":6189,"date":"2025-11-23T12:47:20","date_gmt":"2025-11-23T11:47:20","guid":{"rendered":"https:\/\/ecotienda.com\/?product=trufflehunter-trufas-negras-picada-80-g"},"modified":"2025-11-23T12:47:22","modified_gmt":"2025-11-23T11:47:22","slug":"trufflehunter-trufas-negras-picada-80-g","status":"publish","type":"product","link":"https:\/\/ecotienda.com\/?product=trufflehunter-trufas-negras-picada-80-g","title":{"rendered":"TruffleHunter Trufas Negras Picada (80 g)"},"content":{"rendered":"<div class=\"woocommerce-product-details\">\n<h3>De la marca<\/h3>\n<div><img data-opt-id=864637113  fetchpriority=\"high\" decoding=\"async\" src=\"https:\/\/m.media-amazon.com\/images\/S\/aplus-media-library-service-media\/28857cfb-54af-4159-ae8b-3b5870321231.__CR0,0,1464,625_PT0_SX1464_V1___.jpg\" alt=\"TruffleHunter\" style=\"max-width: 100%\" style=\"max-width: 100%; height: auto;\"><\/div>\n<p>Deja que TruffleHunter sea tu gu\u00eda hacia un mundo lleno de sabor<\/p>\n<h3>Descripci\u00f3n del producto<\/h3>\n<p>direcci\u00f3n<\/p>\n<p> Abre el tarro y utiliza la trufa negra molida directamente como guarnici\u00f3n para platos como huevos revueltos, pasta o ensaladas.<\/p>\n<h3>Recursos de seguridad y productos<\/h3>\n<p>Recursos de seguridad y productosIm\u00e1genes y contactosIm\u00e1genes y contactos de seguridad Recursos de seguridad y productosProblema al cargar la informaci\u00f3nLo sentimos, no hemos podido mostrar la informaci\u00f3n debido a un problema. Vuelve a cargar la p\u00e1gina o int\u00e9ntalo de nuevo m\u00e1s tarde.Im\u00e1genes y contactos Im\u00e1genes de seguridad del producto Informaci\u00f3n del fabricante Persona responsable Problema al cargar la informaci\u00f3nLo sentimos, no hemos podido mostrar la informaci\u00f3n de la persona responsable debido a un problema. Vuelve a cargar la p\u00e1gina o int\u00e9ntalo de nuevo m\u00e1s tarde.Problema al cargar la informaci\u00f3nLo sentimos, no hemos podido mostrar la informaci\u00f3n del fabricante debido a un problema. Vuelve a cargar la p\u00e1gina o int\u00e9ntalo de nuevo m\u00e1s tarde.Problema al cargar la informaci\u00f3nLo sentimos, no hemos podido mostrar las im\u00e1genes de seguridad del producto debido a un problema. Vuelve a cargar la p\u00e1gina o int\u00e9ntalo de nuevo m\u00e1s tarde.<\/p>\n<table id=\"productDetails_techSpec_section_1\" class=\"a-keyvalue prodDetTable\">\n<tr>\n<th class=\"a-color-secondary a-size-base prodDetSectionEntry\"> Usos recomendados para el producto <\/th>\n<td class=\"a-size-base prodDetAttrValue\"> &lrm;Ensaladas <\/td>\n<\/tr>\n<tr>\n<th class=\"a-color-secondary a-size-base prodDetSectionEntry\"> Cocina <\/th>\n<td class=\"a-size-base prodDetAttrValue\"> &lrm;Gastronom\u00eda europea <\/td>\n<\/tr>\n<tr>\n<th class=\"a-color-secondary a-size-base prodDetSectionEntry\"> Tama\u00f1o <\/th>\n<td class=\"a-size-base prodDetAttrValue\"> &lrm;80 gram <\/td>\n<\/tr>\n<tr>\n<th class=\"a-color-secondary a-size-base prodDetSectionEntry\"> N\u00famero de piezas <\/th>\n<td class=\"a-size-base prodDetAttrValue\"> &lrm;1 <\/td>\n<\/tr>\n<tr>\n<th class=\"a-color-secondary a-size-base prodDetSectionEntry\"> Especialidad <\/th>\n<td class=\"a-size-base prodDetAttrValue\"> &lrm;Org\u00e1nico <\/td>\n<\/tr>\n<tr>\n<th class=\"a-color-secondary a-size-base prodDetSectionEntry\"> N\u00famero de unidades <\/th>\n<td class=\"a-size-base prodDetAttrValue\"> &lrm;80 gramo <\/td>\n<\/tr>\n<tr>\n<th class=\"a-color-secondary a-size-base prodDetSectionEntry\"> Fabricante <\/th>\n<td class=\"a-size-base prodDetAttrValue\"> &lrm;TruffleHunter <\/td>\n<\/tr>\n<tr>\n<th class=\"a-color-secondary a-size-base prodDetSectionEntry\"> Dimensiones del producto <\/th>\n<td class=\"a-size-base prodDetAttrValue\"> &lrm;8,5 x 7 x 7 cm; 80 g <\/td>\n<\/tr>\n<tr>\n<th class=\"a-color-secondary a-size-base prodDetSectionEntry\"> Descatalogado por el fabricante <\/th>\n<td class=\"a-size-base prodDetAttrValue\"> &lrm;No <\/td>\n<\/tr>\n<tr>\n<th class=\"a-color-secondary a-size-base prodDetSectionEntry\"> Peso <\/th>\n<td class=\"a-size-base prodDetAttrValue\"> &lrm;80 Gramos <\/td>\n<\/tr>\n<tr>\n<th class=\"a-color-secondary a-size-base prodDetSectionEntry\"> Peso del producto <\/th>\n<td class=\"a-size-base prodDetAttrValue\"> &lrm;80 g <\/td>\n<\/tr>\n<tr>\n<th class=\"a-color-secondary a-size-base prodDetSectionEntry\"> Pa\u00eds de origen <\/th>\n<td class=\"a-size-base prodDetAttrValue\"> &lrm;Reino Unido <\/td>\n<\/tr>\n<\/table><\/div>\n","protected":false},"excerpt":{"rendered":"<ul>\n<li> Trufas picadas: TruffleHunter se complace en traer trufas a tu cocina. Cortamos trufas negras y las conservamos de manera experta con el aceite de oliva de la m\u00e1s alta calidad disponible: aceite de oliva virgen extra. Ahora puedes convertir incluso recetas ordinarias en manjares  <\/li>\n<li> Esencial en la cocina: para una guarnici\u00f3n de lujo utilizar directamente del cristal. Agregue una cuchara para darle a su plato un aroma celestial y un intenso sabor terroso. Haz que tus platos cobren vida  <\/li>\n<li> Trufa de lujo: Nuestra misi\u00f3n es hacer que las trufas sean accesibles para todos. As\u00ed que obtienes los mismos productos de trufa gourmet que utilizan los chefs profesionales, pero sin el precio de lujo  <\/li>\n<li> Vegano y Kosher: queremos que todos puedan conocer trufas negras. Por lo tanto, nuestras trufas son adecuadas para vegetarianos, veganos y dietas kosher, as\u00ed como halal.  <\/li>\n<li> ALTA CALIDAD: Nuestro proceso de conservaci\u00f3n prolonga la vida \u00fatil de las trufas para que pueda disfrutar del incre\u00edble sabor de trufa durante todo el a\u00f1o.  <\/li>\n<\/ul>\n","protected":false},"featured_media":6189,"comment_status":"open","ping_status":"closed","template":"","meta":[],"product_cat":[167],"product_tag":[],"class_list":{"0":"post-6189","1":"product","2":"type-product","3":"status-publish","4":"has-post-thumbnail","6":"product_brand-marca-trufflehunter","7":"product_cat-trufa","9":"first","10":"instock","11":"sale","12":"shipping-taxable","13":"purchasable","14":"product-type-simple"},"_links":{"self":[{"href":"https:\/\/ecotienda.com\/index.php?rest_route=\/wp\/v2\/product\/6189","targetHints":{"allow":["GET"]}}],"collection":[{"href":"https:\/\/ecotienda.com\/index.php?rest_route=\/wp\/v2\/product"}],"about":[{"href":"https:\/\/ecotienda.com\/index.php?rest_route=\/wp\/v2\/types\/product"}],"replies":[{"embeddable":true,"href":"https:\/\/ecotienda.com\/index.php?rest_route=%2Fwp%2Fv2%2Fcomments&post=6189"}],"wp:featuredmedia":[{"embeddable":true,"href":"https:\/\/ecotienda.com\/index.php?rest_route=\/wp\/v2\/product\/6189"}],"wp:attachment":[{"href":"https:\/\/ecotienda.com\/index.php?rest_route=%2Fwp%2Fv2%2Fmedia&parent=6189"}],"wp:term":[{"taxonomy":"product_cat","embeddable":true,"href":"https:\/\/ecotienda.com\/index.php?rest_route=%2Fwp%2Fv2%2Fproduct_cat&post=6189"},{"taxonomy":"product_tag","embeddable":true,"href":"https:\/\/ecotienda.com\/index.php?rest_route=%2Fwp%2Fv2%2Fproduct_tag&post=6189"}],"curies":[{"name":"wp","href":"https:\/\/api.w.org\/{rel}","templated":true}]}}