{"id":6215,"date":"2025-11-23T12:50:09","date_gmt":"2025-11-23T11:50:09","guid":{"rendered":"https:\/\/ecotienda.com\/?product=beltran-detergente-ecologico-con-jabon-natural-3l"},"modified":"2025-11-23T12:50:11","modified_gmt":"2025-11-23T11:50:11","slug":"beltran-detergente-ecologico-con-jabon-natural-3l","status":"publish","type":"product","link":"https:\/\/ecotienda.com\/?product=beltran-detergente-ecologico-con-jabon-natural-3l","title":{"rendered":"BELTRAN Detergente Ecologico con jabon Natural 3L"},"content":{"rendered":"<div class=\"woocommerce-product-details\">\n<h3>Descripci\u00f3n del producto<\/h3>\n<p>Descripci\u00f3n del producto<\/p>\n<p> JAB\u00d3N ECO L\u00cdQUIDO DETERGENTE 3l BELTR\u00c1N. ESPECIAL PRENDAS DELICADAS Y DE BEB\u00c9. IDEAL PARA LAVAR TODO TIPO DE ROPA DE PERSONAS CON PIELES SENSIBLES Y AT\u00d3PICAS. USO DIARIO. LAVADO A M\u00c1QUINA Y A MANO. NO NECESITA SUAVIZANTE. FORMULACI\u00d3N JAB\u00d3N NATURAL. MAS SOSTENIBLE, SALUDABLE Y ECON\u00d3MICA. 0% COLORANTES, ADITIVOS Y CONSERVANTES SINT\u00c9TICOS. SIN AMONIACOS, LEJ\u00cdAS, CLOROS. ALTA Y R\u00c1PIDA BIODEGRADABILIDAD. (44 LAVADOS -4,5kg ROPA-). ENVASE RECICLABLE. Ingredientes<\/p>\n<p> Desconocido<\/p>\n<h3>Recursos de seguridad y productos<\/h3>\n<p>Recursos de seguridad y productosIm\u00e1genes y contactosIm\u00e1genes y contactos de seguridad Recursos de seguridad y productosProblema al cargar la informaci\u00f3nLo sentimos, no hemos podido mostrar la informaci\u00f3n debido a un problema. Vuelve a cargar la p\u00e1gina o int\u00e9ntalo de nuevo m\u00e1s tarde.Im\u00e1genes y contactos Im\u00e1genes de seguridad del producto Informaci\u00f3n del fabricante Persona responsable Problema al cargar la informaci\u00f3nLo sentimos, no hemos podido mostrar la informaci\u00f3n de la persona responsable debido a un problema. Vuelve a cargar la p\u00e1gina o int\u00e9ntalo de nuevo m\u00e1s tarde.Problema al cargar la informaci\u00f3nLo sentimos, no hemos podido mostrar la informaci\u00f3n del fabricante debido a un problema. Vuelve a cargar la p\u00e1gina o int\u00e9ntalo de nuevo m\u00e1s tarde.Problema al cargar la informaci\u00f3nLo sentimos, no hemos podido mostrar las im\u00e1genes de seguridad del producto debido a un problema. Vuelve a cargar la p\u00e1gina o int\u00e9ntalo de nuevo m\u00e1s tarde.<\/p>\n<table id=\"productDetails_techSpec_section_1\" class=\"a-keyvalue prodDetTable\">\n<tr>\n<th class=\"a-color-secondary a-size-base prodDetSectionEntry\"> Fabricante <\/th>\n<td class=\"a-size-base prodDetAttrValue\"> &lrm;JABONES BELTR\u00c1N <\/td>\n<\/tr>\n<tr>\n<th class=\"a-color-secondary a-size-base prodDetSectionEntry\"> Identificador de producto del fabricante <\/th>\n<td class=\"a-size-base prodDetAttrValue\"> &lrm;96465 <\/td>\n<\/tr>\n<tr>\n<th class=\"a-color-secondary a-size-base prodDetSectionEntry\"> Dimensiones del producto <\/th>\n<td class=\"a-size-base prodDetAttrValue\"> &lrm;60 x 60 x 85 cm; 2 kg <\/td>\n<\/tr>\n<tr>\n<th class=\"a-color-secondary a-size-base prodDetSectionEntry\"> Pilas <\/th>\n<td class=\"a-size-base prodDetAttrValue\"> &lrm;1 Litio Ion (Tipo de pila necesaria) <\/td>\n<\/tr>\n<tr>\n<th class=\"a-color-secondary a-size-base prodDetSectionEntry\"> N\u00famero de modelo del producto <\/th>\n<td class=\"a-size-base prodDetAttrValue\"> &lrm;96465 <\/td>\n<\/tr>\n<tr>\n<th class=\"a-color-secondary a-size-base prodDetSectionEntry\"> Tama\u00f1o <\/th>\n<td class=\"a-size-base prodDetAttrValue\"> &lrm;1 ml (Paquete de 1) <\/td>\n<\/tr>\n<tr>\n<th class=\"a-color-secondary a-size-base prodDetSectionEntry\"> Color <\/th>\n<td class=\"a-size-base prodDetAttrValue\"> &lrm;Multicolor <\/td>\n<\/tr>\n<tr>\n<th class=\"a-color-secondary a-size-base prodDetSectionEntry\"> Fuente de alimentaci\u00f3n <\/th>\n<td class=\"a-size-base prodDetAttrValue\"> &lrm;CA <\/td>\n<\/tr>\n<tr>\n<th class=\"a-color-secondary a-size-base prodDetSectionEntry\"> Voltaje <\/th>\n<td class=\"a-size-base prodDetAttrValue\"> &lrm;220 <\/td>\n<\/tr>\n<tr>\n<th class=\"a-color-secondary a-size-base prodDetSectionEntry\"> Potencia el\u00e9ctrica <\/th>\n<td class=\"a-size-base prodDetAttrValue\"> &lrm;3600 <\/td>\n<\/tr>\n<tr>\n<th class=\"a-color-secondary a-size-base prodDetSectionEntry\"> N\u00famero de productos <\/th>\n<td class=\"a-size-base prodDetAttrValue\"> &lrm;1 <\/td>\n<\/tr>\n<tr>\n<th class=\"a-color-secondary a-size-base prodDetSectionEntry\"> Sonido <\/th>\n<td class=\"a-size-base prodDetAttrValue\"> &lrm;44 Decibelios <\/td>\n<\/tr>\n<tr>\n<th class=\"a-color-secondary a-size-base prodDetSectionEntry\"> Eficiencia <\/th>\n<td class=\"a-size-base prodDetAttrValue\"> &lrm;Alta eficiencia <\/td>\n<\/tr>\n<tr>\n<th class=\"a-color-secondary a-size-base prodDetSectionEntry\"> Uso <\/th>\n<td class=\"a-size-base prodDetAttrValue\"> &lrm;Pieles Sensibles <\/td>\n<\/tr>\n<tr>\n<th class=\"a-color-secondary a-size-base prodDetSectionEntry\"> Componentes incluidos <\/th>\n<td class=\"a-size-base prodDetAttrValue\"> &lrm;JAB\u00d3N ECO L\u00cdQUIDO DETERGENTE 3l BELTR\u00c1N <\/td>\n<\/tr>\n<tr>\n<th class=\"a-color-secondary a-size-base prodDetSectionEntry\"> Incluye bater\u00edas <\/th>\n<td class=\"a-size-base prodDetAttrValue\"> &lrm;No <\/td>\n<\/tr>\n<tr>\n<th class=\"a-color-secondary a-size-base prodDetSectionEntry\"> Necesita bater\u00edas <\/th>\n<td class=\"a-size-base prodDetAttrValue\"> &lrm;No <\/td>\n<\/tr>\n<tr>\n<th class=\"a-color-secondary a-size-base prodDetSectionEntry\"> Peso del producto <\/th>\n<td class=\"a-size-base prodDetAttrValue\"> &lrm;2 kg <\/td>\n<\/tr>\n<\/table><\/div>\n","protected":false},"excerpt":{"rendered":"<ul>\n<li> JAB\u00d3N ECO L\u00cdQUIDO DETERGENTE 3l BELTR\u00c1N. ESPECIAL PRENDAS DELICADAS Y DE BEB\u00c9. IDEAL PARA LAVAR TODO TIPO DE ROPA DE PERSONAS CON PIELES SENSIBLES Y AT\u00d3PICAS. USO DIARIO. LAVADO A M\u00c1QUINA Y A MANO. NO NECESITA SUAVIZANTE. FORMULACI\u00d3N JAB\u00d3N NATURAL. MAS SOSTENIBLE, SALUDABLE Y ECON\u00d3MICA. 0% COLORANTES, ADITIVOS Y CONSERVANTES SINT\u00c9TICOS. SIN AMONIACOS, LEJ\u00cdAS, CLOROS. ALTA Y R\u00c1PIDA BIODEGRADABILIDAD. (44 LAVADOS -4,5kg ROPA-). ENVASE RECICLABLE.  <\/li>\n<\/ul>\n","protected":false},"featured_media":6215,"comment_status":"open","ping_status":"closed","template":"","meta":[],"product_cat":[129],"product_tag":[],"class_list":{"0":"post-6215","1":"product","2":"type-product","3":"status-publish","4":"has-post-thumbnail","6":"product_brand-marca-jabones-beltrn","7":"product_cat-detergente","9":"first","10":"instock","11":"sale","12":"shipping-taxable","13":"purchasable","14":"product-type-simple"},"_links":{"self":[{"href":"https:\/\/ecotienda.com\/index.php?rest_route=\/wp\/v2\/product\/6215","targetHints":{"allow":["GET"]}}],"collection":[{"href":"https:\/\/ecotienda.com\/index.php?rest_route=\/wp\/v2\/product"}],"about":[{"href":"https:\/\/ecotienda.com\/index.php?rest_route=\/wp\/v2\/types\/product"}],"replies":[{"embeddable":true,"href":"https:\/\/ecotienda.com\/index.php?rest_route=%2Fwp%2Fv2%2Fcomments&post=6215"}],"wp:featuredmedia":[{"embeddable":true,"href":"https:\/\/ecotienda.com\/index.php?rest_route=\/wp\/v2\/product\/6215"}],"wp:attachment":[{"href":"https:\/\/ecotienda.com\/index.php?rest_route=%2Fwp%2Fv2%2Fmedia&parent=6215"}],"wp:term":[{"taxonomy":"product_cat","embeddable":true,"href":"https:\/\/ecotienda.com\/index.php?rest_route=%2Fwp%2Fv2%2Fproduct_cat&post=6215"},{"taxonomy":"product_tag","embeddable":true,"href":"https:\/\/ecotienda.com\/index.php?rest_route=%2Fwp%2Fv2%2Fproduct_tag&post=6215"}],"curies":[{"name":"wp","href":"https:\/\/api.w.org\/{rel}","templated":true}]}}