{"id":6305,"date":"2025-11-23T13:10:09","date_gmt":"2025-11-23T12:10:09","guid":{"rendered":"https:\/\/ecotienda.com\/?product=novaliv-escobilla-de-madera-con-cerdas-con-rosca-y-mango-roscado-4-piezas-cepillo-para-fregar-ppn-ideal-para-la-limpieza-de-balcon-terraza-jardin-interior-y-exterior"},"modified":"2025-11-23T13:10:28","modified_gmt":"2025-11-23T12:10:28","slug":"novaliv-escobilla-de-madera-con-cerdas-con-rosca-y-mango-roscado-4-piezas-cepillo-para-fregar-ppn-ideal-para-la-limpieza-de-balcon-terraza-jardin-interior-y-exterior","status":"publish","type":"product","link":"https:\/\/ecotienda.com\/?product=novaliv-escobilla-de-madera-con-cerdas-con-rosca-y-mango-roscado-4-piezas-cepillo-para-fregar-ppn-ideal-para-la-limpieza-de-balcon-terraza-jardin-interior-y-exterior","title":{"rendered":"Novaliv Escobilla de madera con cerdas con rosca y mango roscado, 4 piezas, cepillo para fregar PPN, ideal para la limpieza de balc\u00f3n, terraza, jard\u00edn, interior y exterior"},"content":{"rendered":"<div class=\"woocommerce-product-details\">\n<h3>Descripci\u00f3n del producto<\/h3>\n<p>Aplicaci\u00f3n pr\u00e1ctica: pr\u00e1ctico estropajo de suelo con mango ranurado. Ideal para la limpieza profunda de interiores y exteriores, balc\u00f3n, terraza, azulejos, suelo de piedra, suelo, exterior\/exterior, jard\u00edn. Ideal para usar: el \u00fatil cepillo con agujero de mango y rosca de metal es adecuado como cepillo de suelo, cepillos para suelo, cepillo rascador grande, cepillo de fregado y cepillo de fregado robusto y duradero: mopa de madera resistente con fibras PPN densamente cubiertas. Las cerdas toleran el jab\u00f3n, la lej\u00eda y el agua caliente, ideal para pasta de lavado y abrasivos a mano. Innovador sistema de enchufe y tornillo: proporciona estabilidad gracias a las conexiones superpuestas con la comodidad de un sistema de atornillado f\u00e1cil de desmontar para ahorrar espacio. Alta durabilidad. Contenido del env\u00edo: recibir\u00e1s un cepillo de madera con cerdas con mango de la marca Novaliv, en color madera, con las siguientes medidas: 137 x 4 x 7 cm.<\/p>\n<h3>Recursos de seguridad y productos<\/h3>\n<p>Recursos de seguridad y productosIm\u00e1genes y contactosIm\u00e1genes y contactos de seguridad Recursos de seguridad y productosProblema al cargar la informaci\u00f3nLo sentimos, no hemos podido mostrar la informaci\u00f3n debido a un problema. Vuelve a cargar la p\u00e1gina o int\u00e9ntalo de nuevo m\u00e1s tarde.Im\u00e1genes y contactos Im\u00e1genes de seguridad del producto Informaci\u00f3n del fabricante Persona responsable Problema al cargar la informaci\u00f3nLo sentimos, no hemos podido mostrar la informaci\u00f3n de la persona responsable debido a un problema. Vuelve a cargar la p\u00e1gina o int\u00e9ntalo de nuevo m\u00e1s tarde.Problema al cargar la informaci\u00f3nLo sentimos, no hemos podido mostrar la informaci\u00f3n del fabricante debido a un problema. Vuelve a cargar la p\u00e1gina o int\u00e9ntalo de nuevo m\u00e1s tarde.Problema al cargar la informaci\u00f3nLo sentimos, no hemos podido mostrar las im\u00e1genes de seguridad del producto debido a un problema. Vuelve a cargar la p\u00e1gina o int\u00e9ntalo de nuevo m\u00e1s tarde.<\/p>\n<table id=\"productDetails_techSpec_section_1\" class=\"a-keyvalue prodDetTable\">\n<tr>\n<th class=\"a-color-secondary a-size-base prodDetSectionEntry\"> Marca <\/th>\n<td class=\"a-size-base prodDetAttrValue\"> &lrm;Novaliv <\/td>\n<\/tr>\n<tr>\n<th class=\"a-color-secondary a-size-base prodDetSectionEntry\"> Color <\/th>\n<td class=\"a-size-base prodDetAttrValue\"> &lrm;Marr\u00f3n <\/td>\n<\/tr>\n<tr>\n<th class=\"a-color-secondary a-size-base prodDetSectionEntry\"> Dimensiones del producto <\/th>\n<td class=\"a-size-base prodDetAttrValue\"> &lrm;137 x 4 x 137 cm; 760 g <\/td>\n<\/tr>\n<tr>\n<th class=\"a-color-secondary a-size-base prodDetSectionEntry\"> Material <\/th>\n<td class=\"a-size-base prodDetAttrValue\"> &lrm;PPN <\/td>\n<\/tr>\n<tr>\n<th class=\"a-color-secondary a-size-base prodDetSectionEntry\"> Caracter\u00edsticas especiales <\/th>\n<td class=\"a-size-base prodDetAttrValue\"> &lrm;Innovador sistema de fijaci\u00f3n y atornillado <\/td>\n<\/tr>\n<tr>\n<th class=\"a-color-secondary a-size-base prodDetSectionEntry\"> Peso del producto <\/th>\n<td class=\"a-size-base prodDetAttrValue\"> &lrm;760 g <\/td>\n<\/tr>\n<\/table><\/div>\n","protected":false},"excerpt":{"rendered":"<p>Descripci\u00f3n del producto Aplicaci\u00f3n pr\u00e1ctica: pr\u00e1ctico estropajo de suelo con mango ranurado. Ideal para la limpieza profunda de interiores y exteriores, balc\u00f3n, terraza, azulejos, suelo de piedra, suelo, exterior\/exterior, jard\u00edn. Ideal para usar: el \u00fatil cepillo con agujero de mango y rosca de metal es adecuado como cepillo de suelo, cepillos para suelo, cepillo rascador &hellip; <a href=\"https:\/\/ecotienda.com\/?product=novaliv-escobilla-de-madera-con-cerdas-con-rosca-y-mango-roscado-4-piezas-cepillo-para-fregar-ppn-ideal-para-la-limpieza-de-balcon-terraza-jardin-interior-y-exterior\" class=\"more-link\">Continue reading <span class=\"screen-reader-text\">Novaliv Escobilla de madera con cerdas con rosca y mango roscado, 4 piezas, cepillo para fregar PPN, ideal para la limpieza de balc\u00f3n, terraza, jard\u00edn, interior y exterior<\/span><\/a><\/p>\n","protected":false},"featured_media":6305,"comment_status":"open","ping_status":"closed","template":"","meta":[],"product_cat":[128],"product_tag":[],"class_list":{"0":"post-6305","1":"product","2":"type-product","3":"status-publish","4":"has-post-thumbnail","6":"product_brand-marca-novaliv","7":"product_cat-cepillo","9":"first","10":"instock","11":"shipping-taxable","12":"purchasable","13":"product-type-variable"},"_links":{"self":[{"href":"https:\/\/ecotienda.com\/index.php?rest_route=\/wp\/v2\/product\/6305","targetHints":{"allow":["GET"]}}],"collection":[{"href":"https:\/\/ecotienda.com\/index.php?rest_route=\/wp\/v2\/product"}],"about":[{"href":"https:\/\/ecotienda.com\/index.php?rest_route=\/wp\/v2\/types\/product"}],"replies":[{"embeddable":true,"href":"https:\/\/ecotienda.com\/index.php?rest_route=%2Fwp%2Fv2%2Fcomments&post=6305"}],"wp:featuredmedia":[{"embeddable":true,"href":"https:\/\/ecotienda.com\/index.php?rest_route=\/wp\/v2\/product\/6305"}],"wp:attachment":[{"href":"https:\/\/ecotienda.com\/index.php?rest_route=%2Fwp%2Fv2%2Fmedia&parent=6305"}],"wp:term":[{"taxonomy":"product_cat","embeddable":true,"href":"https:\/\/ecotienda.com\/index.php?rest_route=%2Fwp%2Fv2%2Fproduct_cat&post=6305"},{"taxonomy":"product_tag","embeddable":true,"href":"https:\/\/ecotienda.com\/index.php?rest_route=%2Fwp%2Fv2%2Fproduct_tag&post=6305"}],"curies":[{"name":"wp","href":"https:\/\/api.w.org\/{rel}","templated":true}]}}