{"id":6354,"date":"2025-11-23T15:02:04","date_gmt":"2025-11-23T14:02:04","guid":{"rendered":"https:\/\/ecotienda.com\/?product=la-abuela-carmen-ajo-negro-ecologico-400-gramo"},"modified":"2025-11-23T15:02:19","modified_gmt":"2025-11-23T14:02:19","slug":"la-abuela-carmen-ajo-negro-ecologico-400-gramo","status":"publish","type":"product","link":"https:\/\/ecotienda.com\/?product=la-abuela-carmen-ajo-negro-ecologico-400-gramo","title":{"rendered":"La Abuela Carmen Ajo Negro Ecol\u00f3gico, 400 Gramo"},"content":{"rendered":"<div class=\"woocommerce-product-details\">\n<h3>De la marca<\/h3>\n<div><img data-opt-id=1402800789  fetchpriority=\"high\" decoding=\"async\" src=\"https:\/\/m.media-amazon.com\/images\/S\/aplus-media-library-service-media\/fb410959-75ee-4cac-81f3-6d2f60a96013.__CR0,377,1464,625_PT0_SX1464_V1___.png\" alt=\"de productos alimenticios especiales en envases negros y de colores, que se exhiben debajo de las ramas de los \u00e1rboles de Navidad con adornos. Incluye varios recipientes cil\u00edndricos.\" style=\"max-width: 100%\" style=\"max-width: 100%; height: auto;\"><\/div>\n<div id=\"aplus_feature_div\" class=\"celwidget\" data-feature-name=\"aplus\" data-csa-c-type=\"widget\" data-csa-c-content-id=\"aplus\" data-csa-c-slot-id=\"aplus_feature_div\" data-csa-c-asin=\"\" data-csa-c-is-in-initial-active-row=\"false\">\n<div id=\"aplus\" class=\"a-section a-spacing-large bucket\">\n<h3 class=\"\">M\u00e1s informaci\u00f3n del producto<\/h3>\n<div lang=\"es_ES\">\n<div class=\"aplus-v2 desktop celwidget\">\n<div class=\"celwidget aplus-module module-12 aplus-standard\">\n<div class=\"aplus-module-wrapper apm-spacing apm-floatnone apm-fixed-width\">\n<div class=\"apm-sidemodule aplus-module-content\">\n<div class=\"apm-hero-image\"> <img data-opt-id=1885886682  fetchpriority=\"high\" decoding=\"async\" alt=\"u\" src=\"https:\/\/m.media-amazon.com\/images\/S\/aplus-media\/sota\/88977f6a-7f1f-4b45-ba88-b0af75c87a75.__CR267,0,1617,500_PT0_SX970_V1___.jpg\" \/ style=\"max-width: 100%; height: auto;\"> <\/div>\n<\/div>\n<\/div>\n<\/div>\n<div class=\"celwidget aplus-module basic-module-13-text aplus-standard\">\n<div class=\"a-section a-spacing-none aplus-module aplus-module-13 aplus-module-wrapper apm-fixed-width\">\n<div class=\"a-section a-spacing-none aplus-13-heading\">\n<h3 class=\"a-size-extra-large aplus-13-heading-text a-text-bold\"> La Abuela Carmen <\/h3>\n<\/p>\n<\/div>\n<div class=\"a-section a-spacing-none aplus-module-section aplus-text-section\">\n<p class=\"description\"> A finales de los 80, Manuel Vaquero ya llevaba toda su vida dedic\u00e1ndose al cultivo y comercializaci\u00f3n del ajo en la localidad andaluza de Montalb\u00e1n de C\u00f3rdoba. Fue entonces cuando La Abuela Carmen comenz\u00f3 a rondar en su cabeza. Desde entonces, la empresa ha venido creciendo sin perder en ning\u00fan momento su car\u00e1cter familiar, que se mantiene intacto con el paso del tiempo. Desde su nacimiento, La Abuela Carmen ha mimado con esmero su pasi\u00f3n por el cultivo tradicional del ajo introduciendo un fuerte matiz tecnol\u00f3gico en el procesamiento del producto. La Abuela Carmen es tradici\u00f3n, pero tambi\u00e9n modernidad. <\/p>\n<p class=\"description\"> Nuestros ajos y cebollas beben de Andaluc\u00eda. La zona de cultivo est\u00e1 integrada por el entorno de las Sierras Subb\u00e9ticas, Sierra Morena y el Valle del Guadalquivir, donde el cultivo y el secado al sol de los productos siguen respondiendo a t\u00e9cnicas tradicionales. <\/p>\n<\/p>\n<\/div>\n<\/div>\n<\/div>\n<div class=\"celwidget aplus-module module-9 aplus-standard\">\n<div class=\"aplus-module-wrapper apm-fixed-width apm-spacing\">\n<div class=\"apm-flex\">\n<div class=\"apm-flex-item-third-width\">\n<p class=\"apm-text-center\"> <img data-opt-id=938777361  data-opt-src=\"https:\/\/m.media-amazon.com\/images\/S\/aplus-media\/sota\/40c599d7-38d7-41e2-81b4-d234b04112b0.__CR889,0,500,500_PT0_SX300_V1___.jpg\"  decoding=\"async\" alt=\"i\" src=\"data:image/svg+xml,%3Csvg%20viewBox%3D%220%200%20100%%20100%%22%20width%3D%22100%%22%20height%3D%22100%%22%20xmlns%3D%22http%3A%2F%2Fwww.w3.org%2F2000%2Fsvg%22%3E%3Crect%20width%3D%22100%%22%20height%3D%22100%%22%20fill%3D%22transparent%22%2F%3E%3C%2Fsvg%3E\" \/ style=\"max-width: 100%; height: auto;\"> <\/p>\n<h4 class=\"a-spacing-mini\"> Lim\u00f3n negro <\/h4>\n<p> Un cl\u00e1sico en la cocina de Oriente Medio. El lim\u00f3n negro tiene un sabor c\u00edtrico, ligeramente amargo y especiado. Su presentaci\u00f3n en este c\u00f3modo dispensador lo hace ideal para aromatizar batidos, helados, bizcochos o galletas. Aporta un toque diferente a tus verduras, pescados y carnes. <\/p>\n<\/p>\n<\/div>\n<div class=\"apm-flex-item-third-width\">\n<p class=\"apm-text-center\"> <img data-opt-id=1692839811  data-opt-src=\"https:\/\/m.media-amazon.com\/images\/S\/aplus-media\/sota\/d9cf4c78-6257-4409-a57a-6b4a7019ea64.__CR705,0,500,500_PT0_SX300_V1___.jpg\"  decoding=\"async\" alt=\"i\" src=\"data:image/svg+xml,%3Csvg%20viewBox%3D%220%200%20100%%20100%%22%20width%3D%22100%%22%20height%3D%22100%%22%20xmlns%3D%22http%3A%2F%2Fwww.w3.org%2F2000%2Fsvg%22%3E%3Crect%20width%3D%22100%%22%20height%3D%22100%%22%20fill%3D%22transparent%22%2F%3E%3C%2Fsvg%3E\" \/ style=\"max-width: 100%; height: auto;\"> <\/p>\n<h4 class=\"a-spacing-mini\"> Cebolla Negra <\/h4>\n<p> Elaborada en nuestras instalaciones de Montalb\u00e1n de C\u00f3rdoba con cebolla de la variedad chalota. Se elabora mediante un largo proceso de maduraci\u00f3n natural que combina temperatura y humedad controlada, y en el que no se a\u00f1aden aditivos ni conservantes. El resultado es una cebolla de textura blanda con tonalidades oscuras y sabor dulce y bals\u00e1mico, mucho m\u00e1s digestiva que la cebolla fresca. <\/p>\n<\/p>\n<\/div>\n<div class=\"apm-flex-item-third-width\">\n<p class=\"apm-text-center\"> <img data-opt-id=1190138510  data-opt-src=\"https:\/\/m.media-amazon.com\/images\/S\/aplus-media\/sota\/61bfb538-e094-42a0-8404-9508d15a39f7.__CR700,0,500,500_PT0_SX300_V1___.jpg\"  decoding=\"async\" alt=\"t\" src=\"data:image/svg+xml,%3Csvg%20viewBox%3D%220%200%20100%%20100%%22%20width%3D%22100%%22%20height%3D%22100%%22%20xmlns%3D%22http%3A%2F%2Fwww.w3.org%2F2000%2Fsvg%22%3E%3Crect%20width%3D%22100%%22%20height%3D%22100%%22%20fill%3D%22transparent%22%2F%3E%3C%2Fsvg%3E\" \/ style=\"max-width: 100%; height: auto;\"> <\/p>\n<h4 class=\"a-spacing-mini\"> Ajo Negro <\/h4>\n<p> Elaborado en nuestras instalaciones de Montalb\u00e1n de C\u00f3rdoba con ajo de nuestro propio cultivo. Se obtiene mediante un largo proceso de maduraci\u00f3n natural, sin ning\u00fan otro ingrediente, aditivos ni conservantes. <\/p>\n<\/p>\n<\/div>\n<\/div>\n<\/div>\n<\/div>\n<div class=\"celwidget aplus-module module-12 aplus-standard\">\n<div class=\"aplus-module-wrapper apm-spacing apm-floatnone apm-fixed-width\">\n<div class=\"apm-sidemodule aplus-module-content\">\n<div class=\"apm-hero-image\"> <img data-opt-id=1823119438  data-opt-src=\"https:\/\/m.media-amazon.com\/images\/S\/aplus-media\/sota\/f8efd077-4641-4faf-996e-3424f5c6ecca.__CR283,0,1617,500_PT0_SX970_V1___.jpg\"  decoding=\"async\" alt=\"g\" src=\"data:image/svg+xml,%3Csvg%20viewBox%3D%220%200%20100%%20100%%22%20width%3D%22100%%22%20height%3D%22100%%22%20xmlns%3D%22http%3A%2F%2Fwww.w3.org%2F2000%2Fsvg%22%3E%3Crect%20width%3D%22100%%22%20height%3D%22100%%22%20fill%3D%22transparent%22%2F%3E%3C%2Fsvg%3E\" \/ style=\"max-width: 100%; height: auto;\"> <\/div>\n<\/div>\n<\/div>\n<\/div>\n<\/div>\n<\/div>\n<\/div>\n<\/div>\n<h3>Descripci\u00f3n del producto<\/h3>\n<p>Descripci\u00f3n del producto<\/p>\n<p> Ajo negro ecol\u00f3gico tarrina de dientes pelados 400gr. Es un formato destindo a las familias con consumo habitual de ajo negro ecol\u00f3gico y tambi\u00e9n pensado para los profesionales de hosteler\u00eda. Elaborado con ajo morado ecol\u00f3gico, se obtiene mediante un largo proceso de maduraci\u00f3n natural que combina temperatura y humedad controlada, sin ning\u00fan otro ingrediente ni conservante. Este proceso de fermentaci\u00f3n multiplica las ya valiosas propiedades del ajo fresco. Sin gluten, sin az\u00facar y apto para veganos. Excelentes cualidades diur\u00e9ticas, depurativas, antis\u00e9pticas y antibacterianas. No solo es demandado como alimento saludable, actualmente se est\u00e1 convirtiendo en un ingrediente de moda en alta cocina y cocina creativa por su sabor genuino que se relaciona con el \u2018Umami\u2019, el famoso quinto sabor junto a los conocidos dulce, salado, \u00e1cido y amargo. El t\u00e9rmino Umami procede del japon\u00e9s. Se deriva de los vocablos Umai (delicioso) y mi (sabor) para referirse a los alimentos que tienen un sabor delicioso, pronunciado e intenso. El ajo negro se consume solo o como ingrediente en multitud de recetas. Combina perfectamente con mariscos, quesos, carnes y hongos. Ingredientes<\/p>\n<p> Ajo ecol\u00f3gico direcci\u00f3n<\/p>\n<p> Listo para su consumo. Advertencia de seguridad<\/p>\n<p> No aplica Contenido de la caja<\/p>\n<p> Cada pedido contiene 1 x Tarrina Ajo Negro 400g Ver m\u00e1s<\/p>\n<h3>Recursos de seguridad y productos<\/h3>\n<p>Recursos de seguridad y productosInformaci\u00f3n normativa El n\u00famero de c\u00f3digo del organismo de control ecol\u00f3gico: LU-BIO-04.Im\u00e1genes y contactosIm\u00e1genes y contactos de seguridad Recursos de seguridad y productosProblema al cargar la informaci\u00f3nLo sentimos, no hemos podido mostrar la informaci\u00f3n debido a un problema. Vuelve a cargar la p\u00e1gina o int\u00e9ntalo de nuevo m\u00e1s tarde.Im\u00e1genes y contactos Im\u00e1genes de seguridad del producto Informaci\u00f3n del fabricante Persona responsable Problema al cargar la informaci\u00f3nLo sentimos, no hemos podido mostrar la informaci\u00f3n de la persona responsable debido a un problema. Vuelve a cargar la p\u00e1gina o int\u00e9ntalo de nuevo m\u00e1s tarde.Problema al cargar la informaci\u00f3nLo sentimos, no hemos podido mostrar la informaci\u00f3n del fabricante debido a un problema. Vuelve a cargar la p\u00e1gina o int\u00e9ntalo de nuevo m\u00e1s tarde.Problema al cargar la informaci\u00f3nLo sentimos, no hemos podido mostrar las im\u00e1genes de seguridad del producto debido a un problema. Vuelve a cargar la p\u00e1gina o int\u00e9ntalo de nuevo m\u00e1s tarde.<\/p>\n<table id=\"productDetails_techSpec_section_1\" class=\"a-keyvalue prodDetTable\">\n<tr>\n<th class=\"a-color-secondary a-size-base prodDetSectionEntry\"> Dimensiones del paquete <\/th>\n<td class=\"a-size-base prodDetAttrValue\"> &lrm;14 x 14 x 10 cm; 400 g <\/td>\n<\/tr>\n<tr>\n<th class=\"a-color-secondary a-size-base prodDetSectionEntry\"> Nombre del producto <\/th>\n<td class=\"a-size-base prodDetAttrValue\"> &lrm;Ajo Negro Ecol\u00f3gico <\/td>\n<\/tr>\n<tr>\n<th class=\"a-color-secondary a-size-base prodDetSectionEntry\"> Peso <\/th>\n<td class=\"a-size-base prodDetAttrValue\"> &lrm;400 Gramos <\/td>\n<\/tr>\n<tr>\n<th class=\"a-color-secondary a-size-base prodDetSectionEntry\"> Unidades <\/th>\n<td class=\"a-size-base prodDetAttrValue\"> &lrm;400.0 gramo <\/td>\n<\/tr>\n<tr>\n<th class=\"a-color-secondary a-size-base prodDetSectionEntry\"> Instrucciones de almacenaje <\/th>\n<td class=\"a-size-base prodDetAttrValue\"> &lrm;Almacenar en un lugar fresco y seco. <\/td>\n<\/tr>\n<tr>\n<th class=\"a-color-secondary a-size-base prodDetSectionEntry\"> C\u00f3mo servir el producto <\/th>\n<td class=\"a-size-base prodDetAttrValue\"> &lrm;15 gr <\/td>\n<\/tr>\n<tr>\n<th class=\"a-color-secondary a-size-base prodDetSectionEntry\"> Contacto del fabricante <\/th>\n<td class=\"a-size-base prodDetAttrValue\"> &lrm;Pol. Industrial Horcajo. C\/La Vega s\/n, 14558 Montalb\u00e1n de Cordoba. <\/td>\n<\/tr>\n<tr>\n<th class=\"a-color-secondary a-size-base prodDetSectionEntry\"> Marca <\/th>\n<td class=\"a-size-base prodDetAttrValue\"> &lrm;La Abuela Carmen <\/td>\n<\/tr>\n<tr>\n<th class=\"a-color-secondary a-size-base prodDetSectionEntry\"> Forma del Art\u00edculo <\/th>\n<td class=\"a-size-base prodDetAttrValue\"> &lrm;Entero <\/td>\n<\/tr>\n<tr>\n<th class=\"a-color-secondary a-size-base prodDetSectionEntry\"> Funciones especiales <\/th>\n<td class=\"a-size-base prodDetAttrValue\"> &lrm;Org\u00e1nico, Sin conservantes, Vegano <\/td>\n<\/tr>\n<tr>\n<th class=\"a-color-secondary a-size-base prodDetSectionEntry\"> Contenido en cafe\u00edna <\/th>\n<td class=\"a-size-base prodDetAttrValue\"> &lrm;Sin cafe\u00edna <\/td>\n<\/tr>\n<tr>\n<th class=\"a-color-secondary a-size-base prodDetSectionEntry\"> Fabricante <\/th>\n<td class=\"a-size-base prodDetAttrValue\"> &lrm;La Abuela Carmen <\/td>\n<\/tr>\n<tr>\n<th class=\"a-color-secondary a-size-base prodDetSectionEntry\"> Peso del producto <\/th>\n<td class=\"a-size-base prodDetAttrValue\"> &lrm;400 g <\/td>\n<\/tr>\n<tr>\n<th class=\"a-color-secondary a-size-base prodDetSectionEntry\"> Pa\u00eds de origen <\/th>\n<td class=\"a-size-base prodDetAttrValue\"> &lrm;Espa\u00f1a <\/td>\n<\/tr>\n<\/table><\/div>\n","protected":false},"excerpt":{"rendered":"<p>De la marca M\u00e1s informaci\u00f3n del producto La Abuela Carmen A finales de los 80, Manuel Vaquero ya llevaba toda su vida dedic\u00e1ndose al cultivo y comercializaci\u00f3n del ajo en la localidad andaluza de Montalb\u00e1n de C\u00f3rdoba. Fue entonces cuando La Abuela Carmen comenz\u00f3 a rondar en su cabeza. Desde entonces, la empresa ha venido &hellip; <a href=\"https:\/\/ecotienda.com\/?product=la-abuela-carmen-ajo-negro-ecologico-400-gramo\" class=\"more-link\">Continue reading <span class=\"screen-reader-text\">La Abuela Carmen Ajo Negro Ecol\u00f3gico, 400 Gramo<\/span><\/a><\/p>\n","protected":false},"featured_media":6354,"comment_status":"open","ping_status":"closed","template":"","meta":[],"product_cat":[1287],"product_tag":[],"class_list":{"0":"post-6354","1":"product","2":"type-product","3":"status-publish","4":"has-post-thumbnail","6":"product_brand-visita-la-tienda-de-la-abuela-carmen","7":"product_cat-ajo","9":"first","10":"instock","11":"shipping-taxable","12":"purchasable","13":"product-type-variable"},"_links":{"self":[{"href":"https:\/\/ecotienda.com\/index.php?rest_route=\/wp\/v2\/product\/6354","targetHints":{"allow":["GET"]}}],"collection":[{"href":"https:\/\/ecotienda.com\/index.php?rest_route=\/wp\/v2\/product"}],"about":[{"href":"https:\/\/ecotienda.com\/index.php?rest_route=\/wp\/v2\/types\/product"}],"replies":[{"embeddable":true,"href":"https:\/\/ecotienda.com\/index.php?rest_route=%2Fwp%2Fv2%2Fcomments&post=6354"}],"wp:featuredmedia":[{"embeddable":true,"href":"https:\/\/ecotienda.com\/index.php?rest_route=\/wp\/v2\/product\/6354"}],"wp:attachment":[{"href":"https:\/\/ecotienda.com\/index.php?rest_route=%2Fwp%2Fv2%2Fmedia&parent=6354"}],"wp:term":[{"taxonomy":"product_cat","embeddable":true,"href":"https:\/\/ecotienda.com\/index.php?rest_route=%2Fwp%2Fv2%2Fproduct_cat&post=6354"},{"taxonomy":"product_tag","embeddable":true,"href":"https:\/\/ecotienda.com\/index.php?rest_route=%2Fwp%2Fv2%2Fproduct_tag&post=6354"}],"curies":[{"name":"wp","href":"https:\/\/api.w.org\/{rel}","templated":true}]}}