{"id":6381,"date":"2025-11-23T15:02:41","date_gmt":"2025-11-23T14:02:41","guid":{"rendered":"https:\/\/ecotienda.com\/?product=2-kg-ajo-blanco-seleccion-gourmet"},"modified":"2025-11-23T15:03:04","modified_gmt":"2025-11-23T14:03:04","slug":"2-kg-ajo-blanco-seleccion-gourmet","status":"publish","type":"product","link":"https:\/\/ecotienda.com\/?product=2-kg-ajo-blanco-seleccion-gourmet","title":{"rendered":"2 kg. Ajo Blanco &#8211; Selecci\u00f3n Gourmet"},"content":{"rendered":"<div class=\"woocommerce-product-details\">\n<h3>Descripci\u00f3n del producto<\/h3>\n<p>Descripci\u00f3n del producto<\/p>\n<p> Es un tipo de ajo muy popular en todos los pa\u00edses, gracias a su porte r\u00fastico, resistente y carnoso y a su gran capacidad de conservaci\u00f3n. Tiene un aroma notable, un sabor suave y un tama\u00f1o medio grande, con 10-12 dientes. Ingredientes<\/p>\n<p> Ajo Blanco Aviso legal<\/p>\n<p> Es un tipo de ajo muy popular en todos los pa\u00edses, gracias a su porte r\u00fastico, resistente y carnoso y a su gran capacidad de conservaci\u00f3n. Tiene un aroma notable, un sabor suave y un tama\u00f1o medio grande, con 10-12 dientes. Ver m\u00e1s<\/p>\n<h3>Recursos de seguridad y productos<\/h3>\n<p>Recursos de seguridad y productosIm\u00e1genes y contactosIm\u00e1genes y contactos de seguridad Recursos de seguridad y productosProblema al cargar la informaci\u00f3nLo sentimos, no hemos podido mostrar la informaci\u00f3n debido a un problema. Vuelve a cargar la p\u00e1gina o int\u00e9ntalo de nuevo m\u00e1s tarde.Im\u00e1genes y contactos Im\u00e1genes de seguridad del producto Informaci\u00f3n del fabricante Persona responsable Problema al cargar la informaci\u00f3nLo sentimos, no hemos podido mostrar la informaci\u00f3n de la persona responsable debido a un problema. Vuelve a cargar la p\u00e1gina o int\u00e9ntalo de nuevo m\u00e1s tarde.Problema al cargar la informaci\u00f3nLo sentimos, no hemos podido mostrar la informaci\u00f3n del fabricante debido a un problema. Vuelve a cargar la p\u00e1gina o int\u00e9ntalo de nuevo m\u00e1s tarde.Problema al cargar la informaci\u00f3nLo sentimos, no hemos podido mostrar las im\u00e1genes de seguridad del producto debido a un problema. Vuelve a cargar la p\u00e1gina o int\u00e9ntalo de nuevo m\u00e1s tarde.<\/p>\n<table id=\"productDetails_techSpec_section_1\" class=\"a-keyvalue prodDetTable\">\n<tr>\n<th class=\"a-color-secondary a-size-base prodDetSectionEntry\"> Descatalogado por el fabricante <\/th>\n<td class=\"a-size-base prodDetAttrValue\"> &lrm;No <\/td>\n<\/tr>\n<tr>\n<th class=\"a-color-secondary a-size-base prodDetSectionEntry\"> Peso <\/th>\n<td class=\"a-size-base prodDetAttrValue\"> &lrm;2 Kilogramos <\/td>\n<\/tr>\n<tr>\n<th class=\"a-color-secondary a-size-base prodDetSectionEntry\"> Unidades <\/th>\n<td class=\"a-size-base prodDetAttrValue\"> &lrm;2000 Gramos <\/td>\n<\/tr>\n<tr>\n<th class=\"a-color-secondary a-size-base prodDetSectionEntry\"> Instrucciones de almacenaje <\/th>\n<td class=\"a-size-base prodDetAttrValue\"> &lrm;Conservar en lugar seco, fresco y ventilado <\/td>\n<\/tr>\n<tr>\n<th class=\"a-color-secondary a-size-base prodDetSectionEntry\"> Contacto del fabricante <\/th>\n<td class=\"a-size-base prodDetAttrValue\"> &lrm;Ajos y Cebollas Hnos. Recio SAT 6300 <\/td>\n<\/tr>\n<tr>\n<th class=\"a-color-secondary a-size-base prodDetSectionEntry\"> Marca <\/th>\n<td class=\"a-size-base prodDetAttrValue\"> &lrm;Ajos y Cebollas Hnos. Recio SAT 6300 <\/td>\n<\/tr>\n<tr>\n<th class=\"a-color-secondary a-size-base prodDetSectionEntry\"> Forma del Art\u00edculo <\/th>\n<td class=\"a-size-base prodDetAttrValue\"> &lrm;Entero <\/td>\n<\/tr>\n<tr>\n<th class=\"a-color-secondary a-size-base prodDetSectionEntry\"> Fabricante <\/th>\n<td class=\"a-size-base prodDetAttrValue\"> &lrm;Ajos y Cebollas Hnos. Recio SAT 6300 <\/td>\n<\/tr>\n<tr>\n<th class=\"a-color-secondary a-size-base prodDetSectionEntry\"> Pa\u00eds de origen <\/th>\n<td class=\"a-size-base prodDetAttrValue\"> &lrm;Espa\u00f1a <\/td>\n<\/tr>\n<\/table><\/div>\n","protected":false},"excerpt":{"rendered":"<p>Descripci\u00f3n del producto Descripci\u00f3n del producto Es un tipo de ajo muy popular en todos los pa\u00edses, gracias a su porte r\u00fastico, resistente y carnoso y a su gran capacidad de conservaci\u00f3n. Tiene un aroma notable, un sabor suave y un tama\u00f1o medio grande, con 10-12 dientes. Ingredientes Ajo Blanco Aviso legal Es un tipo &hellip; <a href=\"https:\/\/ecotienda.com\/?product=2-kg-ajo-blanco-seleccion-gourmet\" class=\"more-link\">Continue reading <span class=\"screen-reader-text\">2 kg. Ajo Blanco &#8211; Selecci\u00f3n Gourmet<\/span><\/a><\/p>\n","protected":false},"featured_media":6381,"comment_status":"open","ping_status":"closed","template":"","meta":[],"product_cat":[1287],"product_tag":[],"class_list":{"0":"post-6381","1":"product","2":"type-product","3":"status-publish","4":"has-post-thumbnail","6":"product_brand-marca-ajos-y-cebollas-hnos-recio-sat-6300","7":"product_cat-ajo","9":"first","10":"instock","11":"shipping-taxable","12":"purchasable","13":"product-type-variable"},"_links":{"self":[{"href":"https:\/\/ecotienda.com\/index.php?rest_route=\/wp\/v2\/product\/6381","targetHints":{"allow":["GET"]}}],"collection":[{"href":"https:\/\/ecotienda.com\/index.php?rest_route=\/wp\/v2\/product"}],"about":[{"href":"https:\/\/ecotienda.com\/index.php?rest_route=\/wp\/v2\/types\/product"}],"replies":[{"embeddable":true,"href":"https:\/\/ecotienda.com\/index.php?rest_route=%2Fwp%2Fv2%2Fcomments&post=6381"}],"wp:featuredmedia":[{"embeddable":true,"href":"https:\/\/ecotienda.com\/index.php?rest_route=\/wp\/v2\/product\/6381"}],"wp:attachment":[{"href":"https:\/\/ecotienda.com\/index.php?rest_route=%2Fwp%2Fv2%2Fmedia&parent=6381"}],"wp:term":[{"taxonomy":"product_cat","embeddable":true,"href":"https:\/\/ecotienda.com\/index.php?rest_route=%2Fwp%2Fv2%2Fproduct_cat&post=6381"},{"taxonomy":"product_tag","embeddable":true,"href":"https:\/\/ecotienda.com\/index.php?rest_route=%2Fwp%2Fv2%2Fproduct_tag&post=6381"}],"curies":[{"name":"wp","href":"https:\/\/api.w.org\/{rel}","templated":true}]}}