{"id":6400,"date":"2025-11-23T15:03:49","date_gmt":"2025-11-23T14:03:49","guid":{"rendered":"https:\/\/ecotienda.com\/?product=alsur-alcachofa-ecologica-mediana-8-10-unidades-190gr"},"modified":"2025-12-10T11:48:47","modified_gmt":"2025-12-10T10:48:47","slug":"alsur-alcachofa-ecologica-mediana-8-10-unidades-190gr","status":"publish","type":"product","link":"https:\/\/ecotienda.com\/?product=alsur-alcachofa-ecologica-mediana-8-10-unidades-190gr","title":{"rendered":"ALSUR ALCACHOFA ECOLOGICA MEDIANA 8-10 UNIDADES 190GR."},"content":{"rendered":"<div class=\"woocommerce-product-details\">\n<h3>Descripci\u00f3n del producto<\/h3>\n<p>Descripci\u00f3n del producto<\/p>\n<p> Los corazones de alcachofa medianos de Alsur ecologicos, son tiernos y sabrosos. Libres de toxinas y respetando el medio ambiente. Ingredientes<\/p>\n<p> 0<\/p>\n<h3>Recursos de seguridad y productos<\/h3>\n<p>Recursos de seguridad y productosInformaci\u00f3n normativa El n\u00famero de c\u00f3digo del organismo de control ecol\u00f3gico: LU-BIO-04.Im\u00e1genes y contactosIm\u00e1genes y contactos de seguridad Recursos de seguridad y productosProblema al cargar la informaci\u00f3nLo sentimos, no hemos podido mostrar la informaci\u00f3n debido a un problema. Vuelve a cargar la p\u00e1gina o int\u00e9ntalo de nuevo m\u00e1s tarde.Im\u00e1genes y contactos Im\u00e1genes de seguridad del producto Informaci\u00f3n del fabricante Persona responsable Problema al cargar la informaci\u00f3nLo sentimos, no hemos podido mostrar la informaci\u00f3n de la persona responsable debido a un problema. Vuelve a cargar la p\u00e1gina o int\u00e9ntalo de nuevo m\u00e1s tarde.Problema al cargar la informaci\u00f3nLo sentimos, no hemos podido mostrar la informaci\u00f3n del fabricante debido a un problema. Vuelve a cargar la p\u00e1gina o int\u00e9ntalo de nuevo m\u00e1s tarde.Problema al cargar la informaci\u00f3nLo sentimos, no hemos podido mostrar las im\u00e1genes de seguridad del producto debido a un problema. Vuelve a cargar la p\u00e1gina o int\u00e9ntalo de nuevo m\u00e1s tarde.<\/p>\n<table id=\"productDetails_techSpec_section_1\" class=\"a-keyvalue prodDetTable\">\n<tr>\n<th class=\"a-color-secondary a-size-base prodDetSectionEntry\"> Dimensiones del paquete <\/th>\n<td class=\"a-size-base prodDetAttrValue\"> &lrm;9,01 x 9,01 x 8,04 cm; 560 g <\/td>\n<\/tr>\n<tr>\n<th class=\"a-color-secondary a-size-base prodDetSectionEntry\"> Unidades <\/th>\n<td class=\"a-size-base prodDetAttrValue\"> &lrm;320.0 Gramos <\/td>\n<\/tr>\n<tr>\n<th class=\"a-color-secondary a-size-base prodDetSectionEntry\"> Contacto del fabricante <\/th>\n<td class=\"a-size-base prodDetAttrValue\"> &lrm;SOLA DE ANTEQUERA SA; CTRA C\u00d3RDOBA KM 520,8 29200 ANTEQUERA (M\u00c1LAGA), 952 840 762 <\/td>\n<\/tr>\n<tr>\n<th class=\"a-color-secondary a-size-base prodDetSectionEntry\"> Marca <\/th>\n<td class=\"a-size-base prodDetAttrValue\"> &lrm;ALSUR <\/td>\n<\/tr>\n<tr>\n<th class=\"a-color-secondary a-size-base prodDetSectionEntry\"> Sabor <\/th>\n<td class=\"a-size-base prodDetAttrValue\"> &lrm;Sabor natural, tierno y sabroso con base vegetal <\/td>\n<\/tr>\n<tr>\n<th class=\"a-color-secondary a-size-base prodDetSectionEntry\"> Cocina <\/th>\n<td class=\"a-size-base prodDetAttrValue\"> &lrm;Cocina Mediterr\u00e1nea <\/td>\n<\/tr>\n<tr>\n<th class=\"a-color-secondary a-size-base prodDetSectionEntry\"> Descripci\u00f3n del rango de edad <\/th>\n<td class=\"a-size-base prodDetAttrValue\"> &lrm;Todas las edades <\/td>\n<\/tr>\n<tr>\n<th class=\"a-color-secondary a-size-base prodDetSectionEntry\"> Fabricante <\/th>\n<td class=\"a-size-base prodDetAttrValue\"> &lrm;SOLA DE ANTEQUERA <\/td>\n<\/tr>\n<tr>\n<th class=\"a-color-secondary a-size-base prodDetSectionEntry\"> Peso del producto <\/th>\n<td class=\"a-size-base prodDetAttrValue\"> &lrm;560 g <\/td>\n<\/tr>\n<tr>\n<th class=\"a-color-secondary a-size-base prodDetSectionEntry\"> Pa\u00eds de origen <\/th>\n<td class=\"a-size-base prodDetAttrValue\"> &lrm;Per\u00fa <\/td>\n<\/tr>\n<\/table><\/div>\n","protected":false},"excerpt":{"rendered":"<ul>\n<li> Ecologico  <\/li>\n<li> Libres de toxinas y productos qu\u00edmicos nocivos  <\/li>\n<li> Respetamos la biodiversidad de nuestros campos  <\/li>\n<li> No han sido modificado gen\u00e9ticamente.  <\/li>\n<li> Entre 8-10 corazones  <\/li>\n<\/ul>\n","protected":false},"featured_media":6400,"comment_status":"open","ping_status":"closed","template":"","meta":[],"product_cat":[1288],"product_tag":[],"class_list":{"0":"post-6400","1":"product","2":"type-product","3":"status-publish","4":"has-post-thumbnail","6":"product_brand-marca-alsur","7":"product_cat-alcachofa","9":"first","10":"instock","11":"sale","12":"shipping-taxable","13":"purchasable","14":"product-type-simple"},"_links":{"self":[{"href":"https:\/\/ecotienda.com\/index.php?rest_route=\/wp\/v2\/product\/6400","targetHints":{"allow":["GET"]}}],"collection":[{"href":"https:\/\/ecotienda.com\/index.php?rest_route=\/wp\/v2\/product"}],"about":[{"href":"https:\/\/ecotienda.com\/index.php?rest_route=\/wp\/v2\/types\/product"}],"replies":[{"embeddable":true,"href":"https:\/\/ecotienda.com\/index.php?rest_route=%2Fwp%2Fv2%2Fcomments&post=6400"}],"wp:featuredmedia":[{"embeddable":true,"href":"https:\/\/ecotienda.com\/index.php?rest_route=\/wp\/v2\/product\/6400"}],"wp:attachment":[{"href":"https:\/\/ecotienda.com\/index.php?rest_route=%2Fwp%2Fv2%2Fmedia&parent=6400"}],"wp:term":[{"taxonomy":"product_cat","embeddable":true,"href":"https:\/\/ecotienda.com\/index.php?rest_route=%2Fwp%2Fv2%2Fproduct_cat&post=6400"},{"taxonomy":"product_tag","embeddable":true,"href":"https:\/\/ecotienda.com\/index.php?rest_route=%2Fwp%2Fv2%2Fproduct_tag&post=6400"}],"curies":[{"name":"wp","href":"https:\/\/api.w.org\/{rel}","templated":true}]}}