{"id":6403,"date":"2025-11-23T15:04:07","date_gmt":"2025-11-23T14:04:07","guid":{"rendered":"https:\/\/ecotienda.com\/?product=gvtarra-alcachofa-mitades-660g"},"modified":"2025-11-23T15:04:09","modified_gmt":"2025-11-23T14:04:09","slug":"gvtarra-alcachofa-mitades-660g","status":"publish","type":"product","link":"https:\/\/ecotienda.com\/?product=gvtarra-alcachofa-mitades-660g","title":{"rendered":"Gvtarra Alcachofa Mitades, 660g"},"content":{"rendered":"<div class=\"woocommerce-product-details\">\n<h3>Descripci\u00f3n del producto<\/h3>\n<p>Descripci\u00f3n del producto<\/p>\n<p> Indicaciones Almacenar En Ambiente Fresco Y Seco, Una Vez Abierto Mantener Refrigerado Y Consumir Antes Del Tercer D\u00eda De Su Apertura Ingredientes Alcachofas, Agua, Sal, Antioxidante: \u00c1cido Asc\u00f3rbico (E-300) Indicaciones<\/p>\n<p> Almacenar En Ambiente Fresco Y Seco, Una Vez Abierto Mantener Refrigerado Y Consumir Antes Del Tercer D\u00eda De Su Apertura Ingredientes<\/p>\n<p> Alcachofas, Agua, Sal, Antioxidante: \u00c1cido Asc\u00f3rbico (E-300) Ver m\u00e1s<\/p>\n<h3>Recursos de seguridad y productos<\/h3>\n<p>Recursos de seguridad y productosIm\u00e1genes y contactosIm\u00e1genes y contactos de seguridad Recursos de seguridad y productosProblema al cargar la informaci\u00f3nLo sentimos, no hemos podido mostrar la informaci\u00f3n debido a un problema. Vuelve a cargar la p\u00e1gina o int\u00e9ntalo de nuevo m\u00e1s tarde.Im\u00e1genes y contactos Im\u00e1genes de seguridad del producto Informaci\u00f3n del fabricante Persona responsable Problema al cargar la informaci\u00f3nLo sentimos, no hemos podido mostrar la informaci\u00f3n de la persona responsable debido a un problema. Vuelve a cargar la p\u00e1gina o int\u00e9ntalo de nuevo m\u00e1s tarde.Problema al cargar la informaci\u00f3nLo sentimos, no hemos podido mostrar la informaci\u00f3n del fabricante debido a un problema. Vuelve a cargar la p\u00e1gina o int\u00e9ntalo de nuevo m\u00e1s tarde.Problema al cargar la informaci\u00f3nLo sentimos, no hemos podido mostrar las im\u00e1genes de seguridad del producto debido a un problema. Vuelve a cargar la p\u00e1gina o int\u00e9ntalo de nuevo m\u00e1s tarde.<\/p>\n<table id=\"productDetails_techSpec_section_1\" class=\"a-keyvalue prodDetTable\">\n<tr>\n<th class=\"a-color-secondary a-size-base prodDetSectionEntry\"> Dimensiones del producto <\/th>\n<td class=\"a-size-base prodDetAttrValue\"> &lrm;8,5 x 8,5 x 13,3 cm; 1,04 kg <\/td>\n<\/tr>\n<tr>\n<th class=\"a-color-secondary a-size-base prodDetSectionEntry\"> Nombre del producto <\/th>\n<td class=\"a-size-base prodDetAttrValue\"> &lrm;Alcachofas mitades Primera <\/td>\n<\/tr>\n<tr>\n<th class=\"a-color-secondary a-size-base prodDetSectionEntry\"> Informaci\u00f3n sobre al\u00e9rgenos <\/th>\n<td class=\"a-size-base prodDetAttrValue\"> &lrm;Contiene: Sin Gluten <\/td>\n<\/tr>\n<tr>\n<th class=\"a-color-secondary a-size-base prodDetSectionEntry\"> Peso <\/th>\n<td class=\"a-size-base prodDetAttrValue\"> &lrm;400 Gramos <\/td>\n<\/tr>\n<tr>\n<th class=\"a-color-secondary a-size-base prodDetSectionEntry\"> Unidades <\/th>\n<td class=\"a-size-base prodDetAttrValue\"> &lrm;720.0 Gramos <\/td>\n<\/tr>\n<tr>\n<th class=\"a-color-secondary a-size-base prodDetSectionEntry\"> Instrucciones de almacenaje <\/th>\n<td class=\"a-size-base prodDetAttrValue\"> &lrm;Almacenar en ambiente fresco y seco, una vez abierto mantener refrigerado y consumir antes del tercer d\u00eda de su apertura <\/td>\n<\/tr>\n<tr>\n<th class=\"a-color-secondary a-size-base prodDetSectionEntry\"> Contacto del fabricante <\/th>\n<td class=\"a-size-base prodDetAttrValue\"> &lrm;Poligono Industrial La Llanada &#8211; 26540 Alfaro La Rioja &#8211; Poligono Industrial La Llanada &#8211; 26540 Alfaro La Rioja <\/td>\n<\/tr>\n<tr>\n<th class=\"a-color-secondary a-size-base prodDetSectionEntry\"> Pa\u00eds de origen <\/th>\n<td class=\"a-size-base prodDetAttrValue\"> &lrm;ESPA\u00d1A <\/td>\n<\/tr>\n<tr>\n<th class=\"a-color-secondary a-size-base prodDetSectionEntry\"> Marca <\/th>\n<td class=\"a-size-base prodDetAttrValue\"> &lrm;Gvtarra <\/td>\n<\/tr>\n<tr>\n<th class=\"a-color-secondary a-size-base prodDetSectionEntry\"> Forma del Art\u00edculo <\/th>\n<td class=\"a-size-base prodDetAttrValue\"> &lrm;Mitades <\/td>\n<\/tr>\n<tr>\n<th class=\"a-color-secondary a-size-base prodDetSectionEntry\"> Funciones especiales <\/th>\n<td class=\"a-size-base prodDetAttrValue\"> &lrm;Alto contenido en fibra <\/td>\n<\/tr>\n<tr>\n<th class=\"a-color-secondary a-size-base prodDetSectionEntry\"> Certificaci\u00f3n <\/th>\n<td class=\"a-size-base prodDetAttrValue\"> &lrm;Punto Verde &#8211; ARA <\/td>\n<\/tr>\n<tr>\n<th class=\"a-color-secondary a-size-base prodDetSectionEntry\"> Fabricante <\/th>\n<td class=\"a-size-base prodDetAttrValue\"> &lrm;CONSERVAS VEGETALES DOS VILLAS , S. <\/td>\n<\/tr>\n<tr>\n<th class=\"a-color-secondary a-size-base prodDetSectionEntry\"> Peso del producto <\/th>\n<td class=\"a-size-base prodDetAttrValue\"> &lrm;1,04 kg <\/td>\n<\/tr>\n<tr>\n<th class=\"a-color-secondary a-size-base prodDetSectionEntry\"> Pa\u00eds de origen <\/th>\n<td class=\"a-size-base prodDetAttrValue\"> &lrm;Espa\u00f1a <\/td>\n<\/tr>\n<\/table><\/div>\n","protected":false},"excerpt":{"rendered":"<ul>\n<li> Alcachofas en conserva 100% naturales; sin grasas, sin az\u00facares, sin al\u00e9rgenos y sin gluten. Con un alto contenido de fibra y hierro, conservando todo el sabor y la frescura de nuestra cosecha. Este producto ha sido elaborado en Espa\u00f1a.  <\/li>\n<li> Su versatilidad las hace perfectas para preparar platos muy apetecibles de pastas, guisos y hasta pescados y mariscos. Nuestras conservas Gvtarra te permiten degustar de alcachofas frescas en cualquier momento y estaci\u00f3n del a\u00f1o.  <\/li>\n<li> Traemos lo m\u00e1s rico del campo directo a tu mesa, conservando perfectamente todos sus sabores y nutrientes. Disfruta de las mejores recetas de alcachofa sin tener que pasar por el complicado y largo proceso de preparaci\u00f3n que esta verdura requiere y complementa tu dieta con todos sus beneficios.  <\/li>\n<li> Producto sostenible: En Gvtarra promovemos un modelo de agricultura sostenible, nuestras conservas viven un proceso de producci\u00f3n con m\u00ednimo desperdicio y son envasadas en frascos reutilizables.  <\/li>\n<li> Frasco de vidrio con tapa abref\u00e1cil, contiene 400g de peso escurrido de corazones de alcachofa conservadas en agua, sal y antioxidante.  <\/li>\n<\/ul>\n","protected":false},"featured_media":6403,"comment_status":"open","ping_status":"closed","template":"","meta":[],"product_cat":[1288],"product_tag":[],"class_list":{"0":"post-6403","1":"product","2":"type-product","3":"status-publish","4":"has-post-thumbnail","6":"product_brand-marca-gvtarra","7":"product_cat-alcachofa","9":"first","10":"instock","11":"sale","12":"shipping-taxable","13":"purchasable","14":"product-type-simple"},"_links":{"self":[{"href":"https:\/\/ecotienda.com\/index.php?rest_route=\/wp\/v2\/product\/6403","targetHints":{"allow":["GET"]}}],"collection":[{"href":"https:\/\/ecotienda.com\/index.php?rest_route=\/wp\/v2\/product"}],"about":[{"href":"https:\/\/ecotienda.com\/index.php?rest_route=\/wp\/v2\/types\/product"}],"replies":[{"embeddable":true,"href":"https:\/\/ecotienda.com\/index.php?rest_route=%2Fwp%2Fv2%2Fcomments&post=6403"}],"wp:featuredmedia":[{"embeddable":true,"href":"https:\/\/ecotienda.com\/index.php?rest_route=\/wp\/v2\/product\/6403"}],"wp:attachment":[{"href":"https:\/\/ecotienda.com\/index.php?rest_route=%2Fwp%2Fv2%2Fmedia&parent=6403"}],"wp:term":[{"taxonomy":"product_cat","embeddable":true,"href":"https:\/\/ecotienda.com\/index.php?rest_route=%2Fwp%2Fv2%2Fproduct_cat&post=6403"},{"taxonomy":"product_tag","embeddable":true,"href":"https:\/\/ecotienda.com\/index.php?rest_route=%2Fwp%2Fv2%2Fproduct_tag&post=6403"}],"curies":[{"name":"wp","href":"https:\/\/api.w.org\/{rel}","templated":true}]}}