{"id":6406,"date":"2025-11-23T15:04:16","date_gmt":"2025-11-23T14:04:16","guid":{"rendered":"https:\/\/ecotienda.com\/?product=gvtarra-alcachofas-mitades-paquete-de-6-x-400-gramos"},"modified":"2025-11-23T15:04:18","modified_gmt":"2025-11-23T14:04:18","slug":"gvtarra-alcachofas-mitades-paquete-de-6-x-400-gramos","status":"publish","type":"product","link":"https:\/\/ecotienda.com\/?product=gvtarra-alcachofas-mitades-paquete-de-6-x-400-gramos","title":{"rendered":"Gvtarra Alcachofas Mitades &#8211; Paquete de 6 x 400 Gramos"},"content":{"rendered":"<div class=\"woocommerce-product-details\">\n<h3>Descripci\u00f3n del producto<\/h3>\n<p>Descripci\u00f3n del producto<\/p>\n<p> Indicaciones: Almacenar En Ambiente Fresco Y Seco, Una Vez Abierto Mantener Refrigerado Y Consumir Antes Del Tercer D\u00eda De Su Apertura Ingredientes: Alcachofas, Agua, Sal, Antioxidante: \u00c1cido Asc\u00f3rbico Ingredientes<\/p>\n<p> Ingredientes: alcachofas, agua, sal y antioxidante: \u00e1cido asc\u00f3rbico. direcci\u00f3n<\/p>\n<p> Abrir y calentar Advertencia de seguridad<\/p>\n<p> No aplica Contenido de la caja<\/p>\n<p> Alcachofas mitades Ver m\u00e1s<\/p>\n<h3>Recursos de seguridad y productos<\/h3>\n<p>Recursos de seguridad y productosIm\u00e1genes y contactosIm\u00e1genes y contactos de seguridad Recursos de seguridad y productosProblema al cargar la informaci\u00f3nLo sentimos, no hemos podido mostrar la informaci\u00f3n debido a un problema. Vuelve a cargar la p\u00e1gina o int\u00e9ntalo de nuevo m\u00e1s tarde.Im\u00e1genes y contactos Im\u00e1genes de seguridad del producto Informaci\u00f3n del fabricante Persona responsable Problema al cargar la informaci\u00f3nLo sentimos, no hemos podido mostrar la informaci\u00f3n de la persona responsable debido a un problema. Vuelve a cargar la p\u00e1gina o int\u00e9ntalo de nuevo m\u00e1s tarde.Problema al cargar la informaci\u00f3nLo sentimos, no hemos podido mostrar la informaci\u00f3n del fabricante debido a un problema. Vuelve a cargar la p\u00e1gina o int\u00e9ntalo de nuevo m\u00e1s tarde.Problema al cargar la informaci\u00f3nLo sentimos, no hemos podido mostrar las im\u00e1genes de seguridad del producto debido a un problema. Vuelve a cargar la p\u00e1gina o int\u00e9ntalo de nuevo m\u00e1s tarde.<\/p>\n<table id=\"productDetails_techSpec_section_1\" class=\"a-keyvalue prodDetTable\">\n<tr>\n<th class=\"a-color-secondary a-size-base prodDetSectionEntry\"> Dimensiones del paquete <\/th>\n<td class=\"a-size-base prodDetAttrValue\"> &lrm;35 x 21 x 14 cm; 2,4 kg <\/td>\n<\/tr>\n<tr>\n<th class=\"a-color-secondary a-size-base prodDetSectionEntry\"> Nombre del producto <\/th>\n<td class=\"a-size-base prodDetAttrValue\"> &lrm;Alcachofas Mitades Verdura <\/td>\n<\/tr>\n<tr>\n<th class=\"a-color-secondary a-size-base prodDetSectionEntry\"> Peso <\/th>\n<td class=\"a-size-base prodDetAttrValue\"> &lrm;2400 Gramos <\/td>\n<\/tr>\n<tr>\n<th class=\"a-color-secondary a-size-base prodDetSectionEntry\"> Unidades <\/th>\n<td class=\"a-size-base prodDetAttrValue\"> &lrm;2400.0 gramo <\/td>\n<\/tr>\n<tr>\n<th class=\"a-color-secondary a-size-base prodDetSectionEntry\"> Instrucciones de almacenaje <\/th>\n<td class=\"a-size-base prodDetAttrValue\"> &lrm;Almacenar en ambiente fresco y seco. Una vez abierto, dejar todo el producto no consumido dentro de su jugo. Mantener refrigerado y consumir antes de su 3er d\u00eda de apertura. <\/td>\n<\/tr>\n<tr>\n<th class=\"a-color-secondary a-size-base prodDetSectionEntry\"> Marca <\/th>\n<td class=\"a-size-base prodDetAttrValue\"> &lrm;Gvtarra <\/td>\n<\/tr>\n<tr>\n<th class=\"a-color-secondary a-size-base prodDetSectionEntry\"> Forma del Art\u00edculo <\/th>\n<td class=\"a-size-base prodDetAttrValue\"> &lrm;Mitades <\/td>\n<\/tr>\n<tr>\n<th class=\"a-color-secondary a-size-base prodDetSectionEntry\"> Fabricante <\/th>\n<td class=\"a-size-base prodDetAttrValue\"> &lrm;Gvtarra-Conservas Hijos De Manuel S\u00e1nchez Basarte (Grupo Riberebro) <\/td>\n<\/tr>\n<tr>\n<th class=\"a-color-secondary a-size-base prodDetSectionEntry\"> Peso del producto <\/th>\n<td class=\"a-size-base prodDetAttrValue\"> &lrm;2,4 kg <\/td>\n<\/tr>\n<tr>\n<th class=\"a-color-secondary a-size-base prodDetSectionEntry\"> Pa\u00eds de origen <\/th>\n<td class=\"a-size-base prodDetAttrValue\"> &lrm;Espa\u00f1a <\/td>\n<\/tr>\n<\/table><\/div>\n","protected":false},"excerpt":{"rendered":"<ul>\n<li> Alcachofas en conserva 100% naturales; sin grasas, sin az\u00facares, sin al\u00e9rgenos y sin gluten. Conservando todo el sabor y la frescura de nuestra cosecha. Elaborado en Espa\u00f1a.  <\/li>\n<li> Su versatilidad las hace perfectas para preparar platos muy apetecibles como pastas, pescados y mariscos. Nuestras conservas Gvtarra de alcachofas frescas son ideales en cualquier estaci\u00f3n del a\u00f1o.  <\/li>\n<li> Traemos lo m\u00e1s rico del campo directo a tu mesa, conservando sabores y nutrientes. Disfruta de las mejores recetas de alcachofa con una f\u00e1cil preparaci\u00f3n mientras cuidas tu salud con sus beneficios.  <\/li>\n<li> Producto sostenible: En Gvtarra promovemos un modelo de agricultura sostenible, nuestras conservas viven un proceso de producci\u00f3n con m\u00ednimo desperdicio y son envasadas en frascos reutilizables.  <\/li>\n<li> Empaque de 6 frascos de vidrio con tapa abref\u00e1cil, contiene 400g de peso escurrido de corazones de alcachofa conservadas en agua, sal y antioxidante.  <\/li>\n<\/ul>\n","protected":false},"featured_media":6406,"comment_status":"open","ping_status":"closed","template":"","meta":[],"product_cat":[1288],"product_tag":[],"class_list":{"0":"post-6406","1":"product","2":"type-product","3":"status-publish","4":"has-post-thumbnail","6":"product_brand-marca-gvtarra","7":"product_cat-alcachofa","9":"first","10":"instock","11":"shipping-taxable","12":"purchasable","13":"product-type-simple"},"_links":{"self":[{"href":"https:\/\/ecotienda.com\/index.php?rest_route=\/wp\/v2\/product\/6406","targetHints":{"allow":["GET"]}}],"collection":[{"href":"https:\/\/ecotienda.com\/index.php?rest_route=\/wp\/v2\/product"}],"about":[{"href":"https:\/\/ecotienda.com\/index.php?rest_route=\/wp\/v2\/types\/product"}],"replies":[{"embeddable":true,"href":"https:\/\/ecotienda.com\/index.php?rest_route=%2Fwp%2Fv2%2Fcomments&post=6406"}],"wp:featuredmedia":[{"embeddable":true,"href":"https:\/\/ecotienda.com\/index.php?rest_route=\/wp\/v2\/product\/6406"}],"wp:attachment":[{"href":"https:\/\/ecotienda.com\/index.php?rest_route=%2Fwp%2Fv2%2Fmedia&parent=6406"}],"wp:term":[{"taxonomy":"product_cat","embeddable":true,"href":"https:\/\/ecotienda.com\/index.php?rest_route=%2Fwp%2Fv2%2Fproduct_cat&post=6406"},{"taxonomy":"product_tag","embeddable":true,"href":"https:\/\/ecotienda.com\/index.php?rest_route=%2Fwp%2Fv2%2Fproduct_tag&post=6406"}],"curies":[{"name":"wp","href":"https:\/\/api.w.org\/{rel}","templated":true}]}}