{"id":6427,"date":"2025-11-23T15:09:03","date_gmt":"2025-11-23T14:09:03","guid":{"rendered":"https:\/\/ecotienda.com\/?product=coliflor-825-g"},"modified":"2025-11-23T15:09:16","modified_gmt":"2025-11-23T14:09:16","slug":"coliflor-825-g","status":"publish","type":"product","link":"https:\/\/ecotienda.com\/?product=coliflor-825-g","title":{"rendered":"Coliflor &#8211; 825 g"},"content":{"rendered":"<div class=\"woocommerce-product-details\">\n<h3>Descripci\u00f3n del producto<\/h3>\n<p>Descripci\u00f3n del producto<\/p>\n<p> Coliflor pieza. Peso aproximado 750 g. Pieza de coliflor filmada. Pa\u00edses de origen: Espa\u00f1a y Francia Ingredientes<\/p>\n<p> Coliflor direcci\u00f3n<\/p>\n<p> No hay directrices especiales de uso Advertencia de seguridad<\/p>\n<p> No hay indicaciones de seguridad Contenido de la caja<\/p>\n<p> Pieza de 750 g. Ver m\u00e1s<\/p>\n<h3>Recursos de seguridad y productos<\/h3>\n<p>Recursos de seguridad y productosIm\u00e1genes y contactosIm\u00e1genes y contactos de seguridad Recursos de seguridad y productosProblema al cargar la informaci\u00f3nLo sentimos, no hemos podido mostrar la informaci\u00f3n debido a un problema. Vuelve a cargar la p\u00e1gina o int\u00e9ntalo de nuevo m\u00e1s tarde.Im\u00e1genes y contactos Im\u00e1genes de seguridad del producto Informaci\u00f3n del fabricante Persona responsable Problema al cargar la informaci\u00f3nLo sentimos, no hemos podido mostrar la informaci\u00f3n de la persona responsable debido a un problema. Vuelve a cargar la p\u00e1gina o int\u00e9ntalo de nuevo m\u00e1s tarde.Problema al cargar la informaci\u00f3nLo sentimos, no hemos podido mostrar la informaci\u00f3n del fabricante debido a un problema. Vuelve a cargar la p\u00e1gina o int\u00e9ntalo de nuevo m\u00e1s tarde.Problema al cargar la informaci\u00f3nLo sentimos, no hemos podido mostrar las im\u00e1genes de seguridad del producto debido a un problema. Vuelve a cargar la p\u00e1gina o int\u00e9ntalo de nuevo m\u00e1s tarde.<\/p>\n<table id=\"productDetails_techSpec_section_1\" class=\"a-keyvalue prodDetTable\">\n<tr>\n<th class=\"a-color-secondary a-size-base prodDetSectionEntry\"> Dimensiones del paquete <\/th>\n<td class=\"a-size-base prodDetAttrValue\"> &lrm;16,99 x 16,99 x 10,01 cm; 825 g <\/td>\n<\/tr>\n<tr>\n<th class=\"a-color-secondary a-size-base prodDetSectionEntry\"> Nombre del producto <\/th>\n<td class=\"a-size-base prodDetAttrValue\"> &lrm;Coliflor <\/td>\n<\/tr>\n<tr>\n<th class=\"a-color-secondary a-size-base prodDetSectionEntry\"> Peso <\/th>\n<td class=\"a-size-base prodDetAttrValue\"> &lrm;980 Gramos <\/td>\n<\/tr>\n<tr>\n<th class=\"a-color-secondary a-size-base prodDetSectionEntry\"> Unidades <\/th>\n<td class=\"a-size-base prodDetAttrValue\"> &lrm;825.0 Gramos <\/td>\n<\/tr>\n<tr>\n<th class=\"a-color-secondary a-size-base prodDetSectionEntry\"> Instrucciones de almacenaje <\/th>\n<td class=\"a-size-base prodDetAttrValue\"> &lrm;Conservar entre 6\u00b0 C y 8\u00b0 C <\/td>\n<\/tr>\n<tr>\n<th class=\"a-color-secondary a-size-base prodDetSectionEntry\"> Marca <\/th>\n<td class=\"a-size-base prodDetAttrValue\"> &lrm;Felixia <\/td>\n<\/tr>\n<tr>\n<th class=\"a-color-secondary a-size-base prodDetSectionEntry\"> Forma del Art\u00edculo <\/th>\n<td class=\"a-size-base prodDetAttrValue\"> &lrm;Entero <\/td>\n<\/tr>\n<tr>\n<th class=\"a-color-secondary a-size-base prodDetSectionEntry\"> Peso del producto <\/th>\n<td class=\"a-size-base prodDetAttrValue\"> &lrm;825 g <\/td>\n<\/tr>\n<tr>\n<th class=\"a-color-secondary a-size-base prodDetSectionEntry\"> Pa\u00eds de origen <\/th>\n<td class=\"a-size-base prodDetAttrValue\"> &lrm;Espa\u00f1a <\/td>\n<\/tr>\n<\/table><\/div>\n","protected":false},"excerpt":{"rendered":"<p>Descripci\u00f3n del producto Descripci\u00f3n del producto Coliflor pieza. Peso aproximado 750 g. Pieza de coliflor filmada. Pa\u00edses de origen: Espa\u00f1a y Francia Ingredientes Coliflor direcci\u00f3n No hay directrices especiales de uso Advertencia de seguridad No hay indicaciones de seguridad Contenido de la caja Pieza de 750 g. Ver m\u00e1s Recursos de seguridad y productos Recursos &hellip; <a href=\"https:\/\/ecotienda.com\/?product=coliflor-825-g\" class=\"more-link\">Continue reading <span class=\"screen-reader-text\">Coliflor &#8211; 825 g<\/span><\/a><\/p>\n","protected":false},"featured_media":6427,"comment_status":"open","ping_status":"closed","template":"","meta":[],"product_cat":[1291],"product_tag":[],"class_list":{"0":"post-6427","1":"product","2":"type-product","3":"status-publish","4":"has-post-thumbnail","6":"product_brand-marca-felixia","7":"product_cat-brocoli-colifor","9":"first","10":"instock","11":"shipping-taxable","12":"purchasable","13":"product-type-variable"},"_links":{"self":[{"href":"https:\/\/ecotienda.com\/index.php?rest_route=\/wp\/v2\/product\/6427","targetHints":{"allow":["GET"]}}],"collection":[{"href":"https:\/\/ecotienda.com\/index.php?rest_route=\/wp\/v2\/product"}],"about":[{"href":"https:\/\/ecotienda.com\/index.php?rest_route=\/wp\/v2\/types\/product"}],"replies":[{"embeddable":true,"href":"https:\/\/ecotienda.com\/index.php?rest_route=%2Fwp%2Fv2%2Fcomments&post=6427"}],"wp:featuredmedia":[{"embeddable":true,"href":"https:\/\/ecotienda.com\/index.php?rest_route=\/wp\/v2\/product\/6427"}],"wp:attachment":[{"href":"https:\/\/ecotienda.com\/index.php?rest_route=%2Fwp%2Fv2%2Fmedia&parent=6427"}],"wp:term":[{"taxonomy":"product_cat","embeddable":true,"href":"https:\/\/ecotienda.com\/index.php?rest_route=%2Fwp%2Fv2%2Fproduct_cat&post=6427"},{"taxonomy":"product_tag","embeddable":true,"href":"https:\/\/ecotienda.com\/index.php?rest_route=%2Fwp%2Fv2%2Fproduct_tag&post=6427"}],"curies":[{"name":"wp","href":"https:\/\/api.w.org\/{rel}","templated":true}]}}