{"id":6469,"date":"2025-11-23T15:18:03","date_gmt":"2025-11-23T14:18:03","guid":{"rendered":"https:\/\/ecotienda.com\/?product=ekolo-guisantes-naturales-bio-6-tarros340g-2040g"},"modified":"2025-11-23T15:18:16","modified_gmt":"2025-11-23T14:18:16","slug":"ekolo-guisantes-naturales-bio-6-tarros340g-2040g","status":"publish","type":"product","link":"https:\/\/ecotienda.com\/?product=ekolo-guisantes-naturales-bio-6-tarros340g-2040g","title":{"rendered":"Ekolo Guisantes Naturales Bio, 6 Tarros,340g 2040g"},"content":{"rendered":"<div class=\"woocommerce-product-details\">\n<div id=\"aplus_feature_div\" class=\"celwidget\" data-feature-name=\"aplus\" data-csa-c-type=\"widget\" data-csa-c-content-id=\"aplus\" data-csa-c-slot-id=\"aplus_feature_div\" data-csa-c-asin=\"\" data-csa-c-is-in-initial-active-row=\"false\">\n<div id=\"aplus\" class=\"a-section a-spacing-large bucket\">\n<h3 class=\"\">M\u00e1s informaci\u00f3n del producto<\/h3>\n<div lang=\"es_ES\">\n<div class=\"aplus-v2 desktop celwidget\">\n<div class=\"celwidget aplus-module module-3 aplus-standard\">\n<div class=\"aplus-module-wrapper apm-floatnone apm-fixed-width\">\n<div class=\"apm-sidemodule apm-spacing\">\n<div class=\"apm-sidemodule-imageright\"> <img data-opt-id=1336309354  fetchpriority=\"high\" decoding=\"async\" alt=\"GUISANTES\" src=\"https:\/\/m.media-amazon.com\/images\/S\/aplus-media-library-service-media\/9269bc08-9de7-4a72-8dd1-5f44e66b92d5.__CR0,0,1200,1200_PT0_SX300_V1___.jpg\" \/ style=\"max-width: 100%; height: auto;\"> <\/div>\n<div class=\"apm-sidemodule-textleft\">\n<h3 class=\"a-spacing-mini\"> Guisantes de Cultivo Ecol\u00f3gico <\/h3>\n<p> Los guisantes son fuente de prote\u00edna vegetal y ricos en fibra. Tienen numerosos minerales como el calcio, sodio y hierro. Adem\u00e1s de ser un alimento muy bueno para la salud, nuestros guisantes \u00e9kolo son tiernos y finos. Un manjar para los sentidos. Al igual que con otras verduras, se recogen y se embotan con todo el cuidado para haceros llegar este producto a vuestros platos. <\/p>\n<p> \u00bfSab\u00edas qu\u00e9 gracias a su contenido en lute\u00edna, la ingesta de guisantes ayuda a la reducci\u00f3n del colesterol? <\/p>\n<\/p>\n<\/div>\n<\/div>\n<\/div>\n<\/div>\n<\/div>\n<\/div>\n<\/div>\n<\/div>\n<h3>Descripci\u00f3n del producto<\/h3>\n<p>Descripci\u00f3n del producto<\/p>\n<p> Guisante Natural Extra BIO; Guisante natural extra ecol\u00f3gico; Tradicional,; Sin conservantes; Conservas Ecol\u00f3gicas; Conservas tradicionales de Navarra; Conservas Artesanales de Navarra; Menestra Artesanal; Saludable; Sin gluten; Apto veganos; Vegano; Hechos en Espa\u00f1a; Proximidad; Local; Slow Food; Sostenible; Sin Aditivos; Producto de temporada; Elaborada en Navarra; Agricultura ecol\u00f3gica; Elaboraci\u00f3n tradicional; Conservas naturales; Libre de Bisfenol A; Conserva BIO; Conservas sin conservantes; Conservas Naturales; Mejores conservas naturales; Mejores conservas ecol\u00f3gicas Ingredientes<\/p>\n<p> Guisante, Agua, Sal direcci\u00f3n<\/p>\n<p> Una vez abierto cons\u00e9rvese en frigor\u00edfico Advertencia de seguridad<\/p>\n<p> Conservar en lugar fresco y seco. Contenido de la caja<\/p>\n<p> Cada caja contiene 6 tarros de Guisante natural Bio EKOLO BIO 340g Ver m\u00e1s<\/p>\n<h3>Recursos de seguridad y productos<\/h3>\n<p>Recursos de seguridad y productosInformaci\u00f3n normativa El n\u00famero de c\u00f3digo del organismo de control ecol\u00f3gico: LU-BIO-04.Im\u00e1genes y contactosIm\u00e1genes y contactos de seguridad Recursos de seguridad y productosProblema al cargar la informaci\u00f3nLo sentimos, no hemos podido mostrar la informaci\u00f3n debido a un problema. Vuelve a cargar la p\u00e1gina o int\u00e9ntalo de nuevo m\u00e1s tarde.Im\u00e1genes y contactos Im\u00e1genes de seguridad del producto Informaci\u00f3n del fabricante Persona responsable Problema al cargar la informaci\u00f3nLo sentimos, no hemos podido mostrar la informaci\u00f3n de la persona responsable debido a un problema. Vuelve a cargar la p\u00e1gina o int\u00e9ntalo de nuevo m\u00e1s tarde.Problema al cargar la informaci\u00f3nLo sentimos, no hemos podido mostrar la informaci\u00f3n del fabricante debido a un problema. Vuelve a cargar la p\u00e1gina o int\u00e9ntalo de nuevo m\u00e1s tarde.Problema al cargar la informaci\u00f3nLo sentimos, no hemos podido mostrar las im\u00e1genes de seguridad del producto debido a un problema. Vuelve a cargar la p\u00e1gina o int\u00e9ntalo de nuevo m\u00e1s tarde.<\/p>\n<table id=\"productDetails_techSpec_section_1\" class=\"a-keyvalue prodDetTable\">\n<tr>\n<th class=\"a-color-secondary a-size-base prodDetSectionEntry\"> Dimensiones del producto <\/th>\n<td class=\"a-size-base prodDetAttrValue\"> &lrm;7 x 7 x 11,5 cm; 3,25 kg <\/td>\n<\/tr>\n<tr>\n<th class=\"a-color-secondary a-size-base prodDetSectionEntry\"> Nombre del producto <\/th>\n<td class=\"a-size-base prodDetAttrValue\"> &lrm;Guisantes Naturales Ekolo Bio 340G <\/td>\n<\/tr>\n<tr>\n<th class=\"a-color-secondary a-size-base prodDetSectionEntry\"> Peso <\/th>\n<td class=\"a-size-base prodDetAttrValue\"> &lrm;3,25 Kilogramos <\/td>\n<\/tr>\n<tr>\n<th class=\"a-color-secondary a-size-base prodDetSectionEntry\"> Volumen <\/th>\n<td class=\"a-size-base prodDetAttrValue\"> &lrm;2040 Mililitros <\/td>\n<\/tr>\n<tr>\n<th class=\"a-color-secondary a-size-base prodDetSectionEntry\"> Unidades <\/th>\n<td class=\"a-size-base prodDetAttrValue\"> &lrm;3250.0 gramo <\/td>\n<\/tr>\n<tr>\n<th class=\"a-color-secondary a-size-base prodDetSectionEntry\"> Instrucciones de almacenaje <\/th>\n<td class=\"a-size-base prodDetAttrValue\"> &lrm;Conservar en lugar fresco y seco. <\/td>\n<\/tr>\n<tr>\n<th class=\"a-color-secondary a-size-base prodDetSectionEntry\"> Contacto del fabricante <\/th>\n<td class=\"a-size-base prodDetAttrValue\"> &lrm;Camino San Andres 35-36 (31243) Arr\u00f3niz Navarra <\/td>\n<\/tr>\n<tr>\n<th class=\"a-color-secondary a-size-base prodDetSectionEntry\"> Marca <\/th>\n<td class=\"a-size-base prodDetAttrValue\"> &lrm;EKOLO <\/td>\n<\/tr>\n<tr>\n<th class=\"a-color-secondary a-size-base prodDetSectionEntry\"> Forma del Art\u00edculo <\/th>\n<td class=\"a-size-base prodDetAttrValue\"> &lrm;Entera <\/td>\n<\/tr>\n<tr>\n<th class=\"a-color-secondary a-size-base prodDetSectionEntry\"> Funciones especiales <\/th>\n<td class=\"a-size-base prodDetAttrValue\"> &lrm;Bio <\/td>\n<\/tr>\n<tr>\n<th class=\"a-color-secondary a-size-base prodDetSectionEntry\"> Contenido en cafe\u00edna <\/th>\n<td class=\"a-size-base prodDetAttrValue\"> &lrm;Sin cafe\u00edna <\/td>\n<\/tr>\n<tr>\n<th class=\"a-color-secondary a-size-base prodDetSectionEntry\"> Fabricante <\/th>\n<td class=\"a-size-base prodDetAttrValue\"> &lrm;EKOLO <\/td>\n<\/tr>\n<tr>\n<th class=\"a-color-secondary a-size-base prodDetSectionEntry\"> Peso del producto <\/th>\n<td class=\"a-size-base prodDetAttrValue\"> &lrm;3,25 kg <\/td>\n<\/tr>\n<tr>\n<th class=\"a-color-secondary a-size-base prodDetSectionEntry\"> Pa\u00eds de origen <\/th>\n<td class=\"a-size-base prodDetAttrValue\"> &lrm;Espa\u00f1a <\/td>\n<\/tr>\n<\/table><\/div>\n","protected":false},"excerpt":{"rendered":"<p>M\u00e1s informaci\u00f3n del producto Guisantes de Cultivo Ecol\u00f3gico Los guisantes son fuente de prote\u00edna vegetal y ricos en fibra. Tienen numerosos minerales como el calcio, sodio y hierro. Adem\u00e1s de ser un alimento muy bueno para la salud, nuestros guisantes \u00e9kolo son tiernos y finos. Un manjar para los sentidos. Al igual que con otras &hellip; <a href=\"https:\/\/ecotienda.com\/?product=ekolo-guisantes-naturales-bio-6-tarros340g-2040g\" class=\"more-link\">Continue reading <span class=\"screen-reader-text\">Ekolo Guisantes Naturales Bio, 6 Tarros,340g 2040g<\/span><\/a><\/p>\n","protected":false},"featured_media":6469,"comment_status":"open","ping_status":"closed","template":"","meta":[],"product_cat":[1296],"product_tag":[],"class_list":{"0":"post-6469","1":"product","2":"type-product","3":"status-publish","4":"has-post-thumbnail","6":"product_brand-visita-la-tienda-de-ekolo","7":"product_cat-guisantes","9":"first","10":"instock","11":"shipping-taxable","12":"purchasable","13":"product-type-variable"},"_links":{"self":[{"href":"https:\/\/ecotienda.com\/index.php?rest_route=\/wp\/v2\/product\/6469","targetHints":{"allow":["GET"]}}],"collection":[{"href":"https:\/\/ecotienda.com\/index.php?rest_route=\/wp\/v2\/product"}],"about":[{"href":"https:\/\/ecotienda.com\/index.php?rest_route=\/wp\/v2\/types\/product"}],"replies":[{"embeddable":true,"href":"https:\/\/ecotienda.com\/index.php?rest_route=%2Fwp%2Fv2%2Fcomments&post=6469"}],"wp:featuredmedia":[{"embeddable":true,"href":"https:\/\/ecotienda.com\/index.php?rest_route=\/wp\/v2\/product\/6469"}],"wp:attachment":[{"href":"https:\/\/ecotienda.com\/index.php?rest_route=%2Fwp%2Fv2%2Fmedia&parent=6469"}],"wp:term":[{"taxonomy":"product_cat","embeddable":true,"href":"https:\/\/ecotienda.com\/index.php?rest_route=%2Fwp%2Fv2%2Fproduct_cat&post=6469"},{"taxonomy":"product_tag","embeddable":true,"href":"https:\/\/ecotienda.com\/index.php?rest_route=%2Fwp%2Fv2%2Fproduct_tag&post=6469"}],"curies":[{"name":"wp","href":"https:\/\/api.w.org\/{rel}","templated":true}]}}