{"id":6470,"date":"2025-11-23T15:18:10","date_gmt":"2025-11-23T14:18:10","guid":{"rendered":"https:\/\/ecotienda.com\/?product=guisantes-cocidos-ecologicos-bionsan-320-g-2-x-320gr"},"modified":"2025-11-23T15:18:11","modified_gmt":"2025-11-23T14:18:11","slug":"guisantes-cocidos-ecologicos-bionsan-320-g-2-x-320gr","status":"publish","type":"product","link":"https:\/\/ecotienda.com\/?product=guisantes-cocidos-ecologicos-bionsan-320-g-2-x-320gr","title":{"rendered":"Guisantes cocidos ecol\u00f3gicos Bionsan 320 g | 2 x 320gr"},"content":{"rendered":"<div class=\"woocommerce-product-details\">\n<h3>Descripci\u00f3n del producto<\/h3>\n<p>PROPIEDADES: los guisantes en conserva ecol\u00f3gicos son una excelente fuente de prote\u00edna vegetal. Si adem\u00e1s los combinamos con alg\u00fan cereal (avena, espelta, etc.) tenemos una prote\u00edna vegetal completa de buena calidad, algo especialmente beneficioso para las personas que siguen una dieta vegana o vegetariana. El contenido en grasa es pr\u00e1cticamente nulo. Son una buena fuente de minerales como el potasio, el f\u00f3sforo, magnesio, calcio, sodio, hierro, zinc y selenio. Y tambi\u00e9n es destacable el contenido en vitaminas como vitamina C, niacina o B3, folato o B9, tiamina o B1, piridoxina o B6 y vitamina A. Tambi\u00e9n aportan fibra, que es indispensable para muchas funciones que se llevan a cabo en nuestro organismo, para mantener una buena salud. PREPARACI\u00d3N: los guisantes en conserva ecol\u00f3gicos est\u00e1n listos para ser consumidos, solo hace falta calentarlos. Ideales acompa\u00f1ados de arroz o salteados con verduras. INGREDIENTES: guisantes*, agua, az\u00facares* y sal. *Procedente de cultivo ecol\u00f3gico. Puede contener miel. INFORMACI\u00d3N NUTRICIONAL (100gr): Energ\u00eda: 145KJ\/34Kcal, Prote\u00edna: 2.6g., Grasa: 0g. De las cuales saturadas: 0g. Hidratos de carbono: 4.4g. De los cuales az\u00facares: 2.3g., Fibra: 3.2g., Sal: 0.34g. ORIGEN: UE.<\/p>\n<h3>Recursos de seguridad y productos<\/h3>\n<p>Recursos de seguridad y productosInformaci\u00f3n normativa El n\u00famero de c\u00f3digo del organismo de control ecol\u00f3gico: LU-BIO-04.Im\u00e1genes y contactosIm\u00e1genes y contactos de seguridad Recursos de seguridad y productosProblema al cargar la informaci\u00f3nLo sentimos, no hemos podido mostrar la informaci\u00f3n debido a un problema. Vuelve a cargar la p\u00e1gina o int\u00e9ntalo de nuevo m\u00e1s tarde.Im\u00e1genes y contactos Im\u00e1genes de seguridad del producto Informaci\u00f3n del fabricante Persona responsable Problema al cargar la informaci\u00f3nLo sentimos, no hemos podido mostrar la informaci\u00f3n de la persona responsable debido a un problema. Vuelve a cargar la p\u00e1gina o int\u00e9ntalo de nuevo m\u00e1s tarde.Problema al cargar la informaci\u00f3nLo sentimos, no hemos podido mostrar la informaci\u00f3n del fabricante debido a un problema. Vuelve a cargar la p\u00e1gina o int\u00e9ntalo de nuevo m\u00e1s tarde.Problema al cargar la informaci\u00f3nLo sentimos, no hemos podido mostrar las im\u00e1genes de seguridad del producto debido a un problema. Vuelve a cargar la p\u00e1gina o int\u00e9ntalo de nuevo m\u00e1s tarde.<\/p>\n<table id=\"productDetails_techSpec_section_1\" class=\"a-keyvalue prodDetTable\">\n<tr>\n<th class=\"a-color-secondary a-size-base prodDetSectionEntry\"> Peso del producto <\/th>\n<td class=\"a-size-base prodDetAttrValue\"> &lrm;540 g <\/td>\n<\/tr>\n<tr>\n<th class=\"a-color-secondary a-size-base prodDetSectionEntry\"> Unidades <\/th>\n<td class=\"a-size-base prodDetAttrValue\"> &lrm;640.0 gramo <\/td>\n<\/tr>\n<tr>\n<th class=\"a-color-secondary a-size-base prodDetSectionEntry\"> Marca <\/th>\n<td class=\"a-size-base prodDetAttrValue\"> &lrm;Bionsan <\/td>\n<\/tr>\n<tr>\n<th class=\"a-color-secondary a-size-base prodDetSectionEntry\"> Forma del Art\u00edculo <\/th>\n<td class=\"a-size-base prodDetAttrValue\"> &lrm;Entera <\/td>\n<\/tr>\n<tr>\n<th class=\"a-color-secondary a-size-base prodDetSectionEntry\"> Funciones especiales <\/th>\n<td class=\"a-size-base prodDetAttrValue\"> &lrm;Vegana,Vegetarianos <\/td>\n<\/tr>\n<tr>\n<th class=\"a-color-secondary a-size-base prodDetSectionEntry\"> Fabricante <\/th>\n<td class=\"a-size-base prodDetAttrValue\"> &lrm;Bionsan <\/td>\n<\/tr>\n<tr>\n<th class=\"a-color-secondary a-size-base prodDetSectionEntry\"> Peso del producto <\/th>\n<td class=\"a-size-base prodDetAttrValue\"> &lrm;540 g <\/td>\n<\/tr>\n<tr>\n<th class=\"a-color-secondary a-size-base prodDetSectionEntry\"> Pa\u00eds de origen <\/th>\n<td class=\"a-size-base prodDetAttrValue\"> &lrm;Espa\u00f1a <\/td>\n<\/tr>\n<\/table><\/div>\n","protected":false},"excerpt":{"rendered":"<ul>\n<li> Contienen una elevada concentraci\u00f3n de vitaminas, enzimas y antioxidantes. Su contenido en prote\u00ednas es tres o cuatro veces superior al de las hortalizas frescas.  <\/li>\n<li> ALIMENTO ECOL\u00d3GICO. No GMO. No irradiado.  <\/li>\n<li> Apto para vegetarianos.  <\/li>\n<\/ul>\n","protected":false},"featured_media":6470,"comment_status":"open","ping_status":"closed","template":"","meta":[],"product_cat":[1296],"product_tag":[],"class_list":{"0":"post-6470","1":"product","2":"type-product","3":"status-publish","4":"has-post-thumbnail","6":"product_brand-visita-la-tienda-de-bionsan","7":"product_cat-guisantes","9":"first","10":"instock","11":"sale","12":"shipping-taxable","13":"purchasable","14":"product-type-simple"},"_links":{"self":[{"href":"https:\/\/ecotienda.com\/index.php?rest_route=\/wp\/v2\/product\/6470","targetHints":{"allow":["GET"]}}],"collection":[{"href":"https:\/\/ecotienda.com\/index.php?rest_route=\/wp\/v2\/product"}],"about":[{"href":"https:\/\/ecotienda.com\/index.php?rest_route=\/wp\/v2\/types\/product"}],"replies":[{"embeddable":true,"href":"https:\/\/ecotienda.com\/index.php?rest_route=%2Fwp%2Fv2%2Fcomments&post=6470"}],"wp:featuredmedia":[{"embeddable":true,"href":"https:\/\/ecotienda.com\/index.php?rest_route=\/wp\/v2\/product\/6470"}],"wp:attachment":[{"href":"https:\/\/ecotienda.com\/index.php?rest_route=%2Fwp%2Fv2%2Fmedia&parent=6470"}],"wp:term":[{"taxonomy":"product_cat","embeddable":true,"href":"https:\/\/ecotienda.com\/index.php?rest_route=%2Fwp%2Fv2%2Fproduct_cat&post=6470"},{"taxonomy":"product_tag","embeddable":true,"href":"https:\/\/ecotienda.com\/index.php?rest_route=%2Fwp%2Fv2%2Fproduct_tag&post=6470"}],"curies":[{"name":"wp","href":"https:\/\/api.w.org\/{rel}","templated":true}]}}