{"id":6485,"date":"2025-11-23T15:20:24","date_gmt":"2025-11-23T14:20:24","guid":{"rendered":"https:\/\/ecotienda.com\/?product=ybarra-judias-verdes-redondas-660g"},"modified":"2025-11-23T15:20:26","modified_gmt":"2025-11-23T14:20:26","slug":"ybarra-judias-verdes-redondas-660g","status":"publish","type":"product","link":"https:\/\/ecotienda.com\/?product=ybarra-judias-verdes-redondas-660g","title":{"rendered":"Ybarra Judias Verdes Redondas, 660g"},"content":{"rendered":"<div class=\"woocommerce-product-details\">\n<div id=\"aplus_feature_div\" class=\"celwidget\" data-feature-name=\"aplus\" data-csa-c-type=\"widget\" data-csa-c-content-id=\"aplus\" data-csa-c-slot-id=\"aplus_feature_div\" data-csa-c-asin=\"\" data-csa-c-is-in-initial-active-row=\"false\">\n<div id=\"aplus\" class=\"a-section a-spacing-large bucket\">\n<h3 class=\"\">M\u00e1s informaci\u00f3n del producto<\/h3>\n<div lang=\"es_ES\">\n<div class=\"aplus-v2 desktop celwidget\">\n<div class=\"celwidget aplus-module module-4 aplus-standard\">\n<div class=\"aplus-module-wrapper apm-fixed-width apm-spacing\">\n<h3 class=\"a-spacing-small\"> VERDURAS YBARRA <\/h3>\n<div class=\"apm-flex\">\n<div class=\"apm-flex-item-fourth-width\">\n<p class=\"apm-text-center\"> <img data-opt-id=856936826  fetchpriority=\"high\" decoding=\"async\" alt=\"TOMATE; PATATA; JUD\u00cdA; GUISANTES; BR\u00d3COLI; ENSALDA; ZANAHORIA; FINDUS; D\u00cdA; GALLINA BLANCA; GOURMET\" src=\"https:\/\/m.media-amazon.com\/images\/S\/aplus-media\/vc\/7cb3d101-d470-4817-bafe-3da635b6ced6.__CR0,0,1200,1200_PT0_SX220_V1___.jpg\" \/ style=\"max-width: 100%; height: auto;\"> <\/p>\n<h4 class=\"a-spacing-mini\"> JUD\u00cdAS VERDES REDONDAS YBARRA <\/h4>\n<p class=\"a-size-small\"> Jud\u00edas verdes redondas 100% naturales. Perfectas para utilizar en guarniciones y en multitud de platos saludables (cremas, guisos o ensaladas) <\/p>\n<\/p>\n<\/div>\n<div class=\"apm-flex-item-fourth-width\">\n<p class=\"apm-text-center\"> <img data-opt-id=1533504315  fetchpriority=\"high\" decoding=\"async\" alt=\"TOMATE; PATATA; JUD\u00cdA; GUISANTES; BR\u00d3COLI; ENSALDA; ZANAHORIA; FINDUS; D\u00cdA; GALLINA BLANCA; GOURMET\" src=\"https:\/\/m.media-amazon.com\/images\/S\/aplus-media\/vc\/49ba099c-1cfe-4325-b235-1321a3d03514.__CR0,0,1200,1200_PT0_SX220_V1___.jpg\" \/ style=\"max-width: 100%; height: auto;\"> <\/p>\n<h4 class=\"a-spacing-mini\"> COLIFLOR YBARRA <\/h4>\n<p class=\"a-size-small\"> Verdura que se disfruta todo el a\u00f1o y perfecta para todo tipo de platos como guisos, cremas, rebozados o pasteles <\/p>\n<\/p>\n<\/div>\n<div class=\"apm-flex-item-fourth-width\">\n<p class=\"apm-text-center\"> <img data-opt-id=858513839  data-opt-src=\"https:\/\/m.media-amazon.com\/images\/S\/aplus-media\/vc\/f5f7c4ab-a8e3-4d8b-9d1c-3afaeefb4c83.__CR0,0,1200,1200_PT0_SX220_V1___.jpg\"  decoding=\"async\" alt=\"TOMATE; PATATA; JUD\u00cdA; GUISANTES; BR\u00d3COLI; ENSALDA; ZANAHORIA; FINDUS; D\u00cdA; GALLINA BLANCA; GOURMET\" src=\"data:image/svg+xml,%3Csvg%20viewBox%3D%220%200%20100%%20100%%22%20width%3D%22100%%22%20height%3D%22100%%22%20xmlns%3D%22http%3A%2F%2Fwww.w3.org%2F2000%2Fsvg%22%3E%3Crect%20width%3D%22100%%22%20height%3D%22100%%22%20fill%3D%22transparent%22%2F%3E%3C%2Fsvg%3E\" \/ style=\"max-width: 100%; height: auto;\"> <\/p>\n<h4 class=\"a-spacing-mini\"> PATATA COCIDA YBARRA <\/h4>\n<p class=\"a-size-small\"> Patatas enteras perfectas para utilizar en guarniciones y todo tipo de platos (cremas, gratinados, guisos) <\/p>\n<\/p>\n<\/div>\n<div class=\"apm-flex-item-fourth-width\">\n<p class=\"apm-text-center\"> <img data-opt-id=505279368  data-opt-src=\"https:\/\/m.media-amazon.com\/images\/S\/aplus-media\/vc\/ca2efb43-dadf-4e07-b63f-3f05b2ed7455.__CR0,36,229,229_PT0_SX220_V1___.jpg\"  decoding=\"async\" alt=\"TOMATE; PATATA; JUD\u00cdA; GUISANTES; BR\u00d3COLI; ENSALDA; ZANAHORIA; FINDUS; D\u00cdA; GALLINA BLANCA; GOURMET\" src=\"data:image/svg+xml,%3Csvg%20viewBox%3D%220%200%20100%%20100%%22%20width%3D%22100%%22%20height%3D%22100%%22%20xmlns%3D%22http%3A%2F%2Fwww.w3.org%2F2000%2Fsvg%22%3E%3Crect%20width%3D%22100%%22%20height%3D%22100%%22%20fill%3D%22transparent%22%2F%3E%3C%2Fsvg%3E\" \/ style=\"max-width: 100%; height: auto;\"> <\/p>\n<h4 class=\"a-spacing-mini\"> ESPINACAS YBARRA <\/h4>\n<p class=\"a-size-small\"> Espinacas 100% naturales. Perfectas para utilizar en platos tradicionales (guisos, fritos, etc.) y originales (smoothies o cremas).. <\/p>\n<\/p>\n<\/div>\n<\/div>\n<\/div>\n<\/div>\n<div class=\"celwidget aplus-module module-4 aplus-standard\">\n<div class=\"aplus-module-wrapper apm-fixed-width apm-spacing\">\n<h3 class=\"a-spacing-small\"> RALLADOS PARA ENSALADAS YBARRA <\/h3>\n<div class=\"apm-flex\">\n<div class=\"apm-flex-item-fourth-width\">\n<p class=\"apm-text-center\"> <img data-opt-id=1725622557  data-opt-src=\"https:\/\/m.media-amazon.com\/images\/S\/aplus-media\/vc\/a774aeb6-6803-43d7-8a46-ec9c3adb035d.__CR0,0,1200,1200_PT0_SX220_V1___.jpg\"  decoding=\"async\" alt=\"TOMATE; PATATA; JUD\u00cdA; GUISANTES; BR\u00d3COLI; ENSALDA; ZANAHORIA; FINDUS; D\u00cdA; GALLINA BLANCA; GOURMET\" src=\"data:image/svg+xml,%3Csvg%20viewBox%3D%220%200%20100%%20100%%22%20width%3D%22100%%22%20height%3D%22100%%22%20xmlns%3D%22http%3A%2F%2Fwww.w3.org%2F2000%2Fsvg%22%3E%3Crect%20width%3D%22100%%22%20height%3D%22100%%22%20fill%3D%22transparent%22%2F%3E%3C%2Fsvg%3E\" \/ style=\"max-width: 100%; height: auto;\"> <\/p>\n<h4 class=\"a-spacing-mini\"> REMOLACHA EN TIRAS YBARRA <\/h4>\n<p class=\"a-size-small\"> Remolacha rallada que conserva todos sus nutrientes y propiedades. C\u00f3modo almacenamiento y ahorro <\/p>\n<p class=\"a-size-small\"> tiempo en la cocina. Versatilidad y color para platos. <\/p>\n<\/p>\n<\/div>\n<div class=\"apm-flex-item-fourth-width\">\n<p class=\"apm-text-center\"> <img data-opt-id=807228864  data-opt-src=\"https:\/\/m.media-amazon.com\/images\/S\/aplus-media\/vc\/f7bace8a-6989-4e07-9f3d-0a86afa3f6cc.__CR0,0,1200,1200_PT0_SX220_V1___.jpg\"  decoding=\"async\" alt=\"TOMATE; PATATA; JUD\u00cdA; GUISANTES; BR\u00d3COLI; ENSALDA; ZANAHORIA; FINDUS; D\u00cdA; GALLINA BLANCA; GOURMET\" src=\"data:image/svg+xml,%3Csvg%20viewBox%3D%220%200%20100%%20100%%22%20width%3D%22100%%22%20height%3D%22100%%22%20xmlns%3D%22http%3A%2F%2Fwww.w3.org%2F2000%2Fsvg%22%3E%3Crect%20width%3D%22100%%22%20height%3D%22100%%22%20fill%3D%22transparent%22%2F%3E%3C%2Fsvg%3E\" \/ style=\"max-width: 100%; height: auto;\"> <\/p>\n<h4 class=\"a-spacing-mini\"> ZANAHORIA EN TIRAS YBARRA <\/h4>\n<p class=\"a-size-small\"> Zanahoria en tiras que conserva todos sus nutrientes y propiedades. C\u00f3modo almacenamiento y ahorro <\/p>\n<p class=\"a-size-small\"> tiempo y versatilidad en la cocina. <\/p>\n<\/p>\n<\/div>\n<div class=\"apm-flex-item-fourth-width\">\n<p class=\"apm-text-center\"> <img data-opt-id=6396047  data-opt-src=\"https:\/\/m.media-amazon.com\/images\/S\/aplus-media\/vc\/1f44c70c-15a1-4083-8530-18c539412d80.__CR0,23,254,254_PT0_SX220_V1___.jpg\"  decoding=\"async\" alt=\"TOMATE; PATATA; JUD\u00cdA; GUISANTES; BR\u00d3COLI; ENSALDA; ZANAHORIA; FINDUS; D\u00cdA; GALLINA BLANCA; GOURMET\" src=\"data:image/svg+xml,%3Csvg%20viewBox%3D%220%200%20100%%20100%%22%20width%3D%22100%%22%20height%3D%22100%%22%20xmlns%3D%22http%3A%2F%2Fwww.w3.org%2F2000%2Fsvg%22%3E%3Crect%20width%3D%22100%%22%20height%3D%22100%%22%20fill%3D%22transparent%22%2F%3E%3C%2Fsvg%3E\" \/ style=\"max-width: 100%; height: auto;\"> <\/p>\n<h4 class=\"a-spacing-mini\"> BROTES GERMINADOS YBARRA <\/h4>\n<p class=\"a-size-small\"> Brotes germinados que conservan todos sus nutrientes y propiedades. C\u00f3modo almacenamiento y ahorro <\/p>\n<p class=\"a-size-small\"> tiempo en la cocina. <\/p>\n<\/p>\n<\/div>\n<div class=\"apm-flex-item-fourth-width\">\n<p class=\"apm-text-center\"> <img data-opt-id=1096442148  data-opt-src=\"https:\/\/m.media-amazon.com\/images\/S\/aplus-media\/vc\/1274ffaf-fca0-498b-bf77-5b81d8cd619d.__CR0,23,254,254_PT0_SX220_V1___.jpg\"  decoding=\"async\" alt=\"TOMATE; PATATA; JUD\u00cdA; GUISANTES; BR\u00d3COLI; ENSALDA; ZANAHORIA; FINDUS; D\u00cdA; GALLINA BLANCA; GOURMET\" src=\"data:image/svg+xml,%3Csvg%20viewBox%3D%220%200%20100%%20100%%22%20width%3D%22100%%22%20height%3D%22100%%22%20xmlns%3D%22http%3A%2F%2Fwww.w3.org%2F2000%2Fsvg%22%3E%3Crect%20width%3D%22100%%22%20height%3D%22100%%22%20fill%3D%22transparent%22%2F%3E%3C%2Fsvg%3E\" \/ style=\"max-width: 100%; height: auto;\"> <\/p>\n<h4 class=\"a-spacing-mini\"> APIO EN TIRAS YBARRA <\/h4>\n<p class=\"a-size-small\"> Apio en tiras que conserva todos sus nutrientes y propiedades. C\u00f3modo almacenamiento y ahorro tiempo <\/p>\n<p class=\"a-size-small\"> en la cocina. <\/p>\n<\/p>\n<\/div>\n<\/div>\n<\/div>\n<\/div>\n<div class=\"celwidget aplus-module module-4 aplus-standard\">\n<div class=\"aplus-module-wrapper apm-fixed-width apm-spacing\">\n<h3 class=\"a-spacing-small\"> MEZCLAS DE VERDURAS Y ENSALADAS LISTA PARA CONSUMIR <\/h3>\n<div class=\"apm-flex\">\n<div class=\"apm-flex-item-fourth-width\">\n<p class=\"apm-text-center\"> <img data-opt-id=1601416312  data-opt-src=\"https:\/\/m.media-amazon.com\/images\/S\/aplus-media\/vc\/e083285a-1fc1-4874-9323-2d4b744ebf15.__CR0,0,1200,1200_PT0_SX220_V1___.jpg\"  decoding=\"async\" alt=\"CALVE; TOMATE; PATATA; JUD\u00cdA; GUISANTES; BR\u00d3COLI; ENSALDA; FINDUS; D\u00cdA; GALLINA BLANCA; ENSALADILLA\" src=\"data:image/svg+xml,%3Csvg%20viewBox%3D%220%200%20100%%20100%%22%20width%3D%22100%%22%20height%3D%22100%%22%20xmlns%3D%22http%3A%2F%2Fwww.w3.org%2F2000%2Fsvg%22%3E%3Crect%20width%3D%22100%%22%20height%3D%22100%%22%20fill%3D%22transparent%22%2F%3E%3C%2Fsvg%3E\" \/ style=\"max-width: 100%; height: auto;\"> <\/p>\n<h4 class=\"a-spacing-mini\"> MACEDONIA DE VERDURAS YBARRA <\/h4>\n<p class=\"a-size-small\"> Patata, zanahoria, guisantes y jud\u00eda verde de la mejor calidad en un s\u00f3lo bote. Perfecta para emplear como guarnici\u00f3n o para elaborar una rica ensaladilla. <\/p>\n<p class=\"a-size-small\"> Prepara una deliciosa ENSALADILLA YBARRA con nuestra Mayonesa Ybarra y esta menestra de Verduras Ybarra. <\/p>\n<\/p>\n<\/div>\n<div class=\"apm-flex-item-fourth-width\">\n<p class=\"apm-text-center\"> <img data-opt-id=1491779348  data-opt-src=\"https:\/\/m.media-amazon.com\/images\/S\/aplus-media\/vc\/d6a89360-b142-4d24-90ad-78330ea92cff.__CR0,38,225,225_PT0_SX220_V1___.jpg\"  decoding=\"async\" alt=\"TOMATE; PATATA; JUD\u00cdA; GUISANTES; BR\u00d3COLI; ENSALDA; ZANAHORIA; FINDUS; D\u00cdA; GALLINA BLANCA; GOURMET\" src=\"data:image/svg+xml,%3Csvg%20viewBox%3D%220%200%20100%%20100%%22%20width%3D%22100%%22%20height%3D%22100%%22%20xmlns%3D%22http%3A%2F%2Fwww.w3.org%2F2000%2Fsvg%22%3E%3Crect%20width%3D%22100%%22%20height%3D%22100%%22%20fill%3D%22transparent%22%2F%3E%3C%2Fsvg%3E\" \/ style=\"max-width: 100%; height: auto;\"> <\/p>\n<h4 class=\"a-spacing-mini\"> MENESTRA DE VERDURA YBARRA <\/h4>\n<p class=\"a-size-small\"> Menestra de guisante, alcachofa, jud\u00eda verde, zanahoria y esp\u00e1rrago. Mezcla perfecta de verduras para emplear como guarnici\u00f3n, en otros guisos o directamente con un chorre\u00f3n de aceite de oliva Virgen Extra y jam\u00f3n. <\/p>\n<\/p>\n<\/div>\n<div class=\"apm-flex-item-fourth-width\">\n<p class=\"apm-text-center\"> <img data-opt-id=866348188  data-opt-src=\"https:\/\/m.media-amazon.com\/images\/S\/aplus-media\/vc\/eba5106b-9def-47ef-8522-4871997f47d4.__CR0,0,1200,1200_PT0_SX220_V1___.jpg\"  decoding=\"async\" alt=\"TOMATE; PATATA; JUD\u00cdA; GUISANTES; BR\u00d3COLI; ENSALDA; ZANAHORIA; FINDUS; D\u00cdA; GALLINA BLANCA; GOURMET\" src=\"data:image/svg+xml,%3Csvg%20viewBox%3D%220%200%20100%%20100%%22%20width%3D%22100%%22%20height%3D%22100%%22%20xmlns%3D%22http%3A%2F%2Fwww.w3.org%2F2000%2Fsvg%22%3E%3Crect%20width%3D%22100%%22%20height%3D%22100%%22%20fill%3D%22transparent%22%2F%3E%3C%2Fsvg%3E\" \/ style=\"max-width: 100%; height: auto;\"> <\/p>\n<h4 class=\"a-spacing-mini\"> ENSALADA MEDITERR\u00c1NEA YBARRA <\/h4>\n<p class=\"a-size-small\"> Combinaci\u00f3n de verduras que te permitir\u00e1n ensalzar el sabor de todas tus ensaladas. Con las variedades de mediterr\u00e1nea, tropical y oriental ya no tendr\u00e1s excusas para comer verduras. <\/p>\n<\/p>\n<\/div>\n<div class=\"apm-flex-item-fourth-width\">\n<p class=\"apm-text-center\"> <img data-opt-id=154048461  data-opt-src=\"https:\/\/m.media-amazon.com\/images\/S\/aplus-media\/vc\/bfc0411b-0538-4b7c-bb12-9ba2f7742941.__CR0,0,1200,1200_PT0_SX220_V1___.jpg\"  decoding=\"async\" alt=\"TOMATE; PATATA; JUD\u00cdA; GUISANTES; BR\u00d3COLI; ENSALDA; ZANAHORIA; FINDUS; D\u00cdA; GALLINA BLANCA; GOURMET\" src=\"data:image/svg+xml,%3Csvg%20viewBox%3D%220%200%20100%%20100%%22%20width%3D%22100%%22%20height%3D%22100%%22%20xmlns%3D%22http%3A%2F%2Fwww.w3.org%2F2000%2Fsvg%22%3E%3Crect%20width%3D%22100%%22%20height%3D%22100%%22%20fill%3D%22transparent%22%2F%3E%3C%2Fsvg%3E\" \/ style=\"max-width: 100%; height: auto;\"> <\/p>\n<h4 class=\"a-spacing-mini\"> ENSALADA ORIENTAL YBARRA <\/h4>\n<p class=\"a-size-small\"> Ensalada oriental con brotes de jud\u00eda, zanahoria, ma\u00edz, bamb\u00fa, setas y pimiento que permite ensalzar el sabor de multitud de platos <\/p>\n<\/p>\n<\/div>\n<\/div>\n<\/div>\n<\/div>\n<div class=\"celwidget aplus-module module-4 aplus-standard\">\n<div class=\"aplus-module-wrapper apm-fixed-width apm-spacing\">\n<div class=\"apm-flex\">\n<div class=\"apm-flex-item-fourth-width\">\n<p class=\"apm-text-center\"> <img data-opt-id=457984497  data-opt-src=\"https:\/\/m.media-amazon.com\/images\/S\/aplus-media\/vc\/d62de544-76c6-4942-8de2-e2a478229f45.__CR0,0,1200,1200_PT0_SX220_V1___.jpg\"  decoding=\"async\" alt=\"TOMATE; PATATA; JUD\u00cdA; GUISANTES; BR\u00d3COLI; ENSALDA; ZANAHORIA; FINDUS; D\u00cdA; GALLINA BLANCA; GOURMET\" src=\"data:image/svg+xml,%3Csvg%20viewBox%3D%220%200%20100%%20100%%22%20width%3D%22100%%22%20height%3D%22100%%22%20xmlns%3D%22http%3A%2F%2Fwww.w3.org%2F2000%2Fsvg%22%3E%3Crect%20width%3D%22100%%22%20height%3D%22100%%22%20fill%3D%22transparent%22%2F%3E%3C%2Fsvg%3E\" \/ style=\"max-width: 100%; height: auto;\"> <\/p>\n<p class=\"a-size-small\"> Acelgas ideales para todo tipo de platos (guisos, fritos, ensaladas, etc.). <\/p>\n<\/p>\n<\/div>\n<div class=\"apm-flex-item-fourth-width\">\n<p class=\"apm-text-center\"> <img data-opt-id=2035806758  data-opt-src=\"https:\/\/m.media-amazon.com\/images\/S\/aplus-media\/vc\/fd15b98e-bdc6-4266-8382-a2a6c2dd9ad1.__CR0,25,250,250_PT0_SX220_V1___.jpg\"  decoding=\"async\" alt=\"TOMATE; PATATA; JUD\u00cdA; GUISANTES; BR\u00d3COLI; ENSALDA; ZANAHORIA; FINDUS; D\u00cdA; GALLINA BLANCA; GOURMET\" src=\"data:image/svg+xml,%3Csvg%20viewBox%3D%220%200%20100%%20100%%22%20width%3D%22100%%22%20height%3D%22100%%22%20xmlns%3D%22http%3A%2F%2Fwww.w3.org%2F2000%2Fsvg%22%3E%3Crect%20width%3D%22100%%22%20height%3D%22100%%22%20fill%3D%22transparent%22%2F%3E%3C%2Fsvg%3E\" \/ style=\"max-width: 100%; height: auto;\"> <\/p>\n<p class=\"a-size-small\"> Habitas fritas baby perfectas para utilizar como guarnici\u00f3n y platos tradicionales (con cebolla o jam\u00f3n) <\/p>\n<\/p>\n<\/div>\n<div class=\"apm-flex-item-fourth-width\">\n<p class=\"apm-text-center\"> <img data-opt-id=1826869969  data-opt-src=\"https:\/\/m.media-amazon.com\/images\/S\/aplus-media\/vc\/18c50acf-2f95-4a2c-83d6-f30c1d87180f.__CR538,0,2136,2136_PT0_SX220_V1___.jpg\"  decoding=\"async\" alt=\"TOMATE; PATATA; JUD\u00cdA; GUISANTES; BR\u00d3COLI; ENSALDA; ZANAHORIA; FINDUS; D\u00cdA; GALLINA BLANCA; GOURMET\" src=\"data:image/svg+xml,%3Csvg%20viewBox%3D%220%200%20100%%20100%%22%20width%3D%22100%%22%20height%3D%22100%%22%20xmlns%3D%22http%3A%2F%2Fwww.w3.org%2F2000%2Fsvg%22%3E%3Crect%20width%3D%22100%%22%20height%3D%22100%%22%20fill%3D%22transparent%22%2F%3E%3C%2Fsvg%3E\" \/ style=\"max-width: 100%; height: auto;\"> <\/p>\n<p class=\"a-size-small\"> Brotes de ajo natural. C\u00f3modo almacenamiento y ahorro tiempo en la cocina. <\/p>\n<p class=\"a-size-small\"> Salteados o en una tortilla, y muchas mas formas de disfrutar de esta verdura. <\/p>\n<\/p>\n<\/div>\n<div class=\"apm-flex-item-fourth-width\">\n<p class=\"apm-text-center\"> <img data-opt-id=1278579823  data-opt-src=\"https:\/\/m.media-amazon.com\/images\/S\/aplus-media\/vc\/6cfa520e-76be-470e-9009-64935108e04c.__CR0,0,1200,1200_PT0_SX220_V1___.jpg\"  decoding=\"async\" alt=\"TOMATE; PATATA; JUD\u00cdA; GUISANTES; BR\u00d3COLI; ENSALDA; ZANAHORIA; FINDUS; D\u00cdA; GALLINA BLANCA; GOURMET\" src=\"data:image/svg+xml,%3Csvg%20viewBox%3D%220%200%20100%%20100%%22%20width%3D%22100%%22%20height%3D%22100%%22%20xmlns%3D%22http%3A%2F%2Fwww.w3.org%2F2000%2Fsvg%22%3E%3Crect%20width%3D%22100%%22%20height%3D%22100%%22%20fill%3D%22transparent%22%2F%3E%3C%2Fsvg%3E\" \/ style=\"max-width: 100%; height: auto;\"> <\/p>\n<p class=\"a-size-small\"> Jud\u00edas verdes planas 100% naturales. Perfectas para utilizar en guarniciones y en multitud de platos saludables (cremas, guisos o ensaladas) <\/p>\n<\/p>\n<\/div>\n<\/div>\n<\/div>\n<\/div>\n<div class=\"celwidget aplus-module 3p-module-b aplus-standard\">\n<div class=\"aplus-module-wrapper aplus-3p-fixed-width\">\n<h3 class=\"a-spacing-mini\"> VERDURAS YBARRA&#8230;&#8230;, DEL CAMPO A LA MESA <\/h3>\n<p> <img data-opt-id=1563431532  data-opt-src=\"https:\/\/m.media-amazon.com\/images\/S\/aplus-media\/vc\/4766817c-9995-472c-95d7-097c2a4bf1e5.__CR489,0,973,602_PT0_SX970_V1___.jpg\"  decoding=\"async\" alt=\"TOMATE; PATATA; JUD\u00cdA; GUISANTES; BR\u00d3COLI; ENSALDA; ZANAHORIA; FINDUS; D\u00cdA; GALLINA BLANCA; GOURMET\" src=\"data:image/svg+xml,%3Csvg%20viewBox%3D%220%200%20100%%20100%%22%20width%3D%22100%%22%20height%3D%22100%%22%20xmlns%3D%22http%3A%2F%2Fwww.w3.org%2F2000%2Fsvg%22%3E%3Crect%20width%3D%22100%%22%20height%3D%22100%%22%20fill%3D%22transparent%22%2F%3E%3C%2Fsvg%3E\" \/ style=\"max-width: 100%; height: auto;\"> <\/p>\n<p class=\"a-spacing-base\"> Ybarra ofrece una amplia gama de productos de fabricaci\u00f3n propia pudiendo garantizar as\u00ed su calidad. El contacto directo con los agricultores permite controlar, desde el correcto estado de las verduras a su llegada desde la huerta, hasta el tratamiento t\u00e9rmico que se le aplica a cada variedad y que garantiza el mantenimiento de sus componentes nutritivos y vitam\u00ednicos, as\u00ed como su textura y sabor caracter\u00edsticos. <\/p>\n<p class=\"a-spacing-base\"> <span class=\"a-text-italic\">100% Natural<\/span> <\/p>\n<p class=\"a-spacing-base\"> \u2013 Posibilidad de disfrutar cualquier tipo de verdura durante todo el a\u00f1o. <\/p>\n<p class=\"a-spacing-base\"> \u2013 Ahorro de tiempo en la preparaci\u00f3n. <\/p>\n<p class=\"a-spacing-base\"> \u2013 C\u00f3modo almacenamiento. <\/p>\n<p class=\"a-spacing-base\"> \u2013 Con los mismos nutrientes y vitaminas que las verduras frescas. <\/p>\n<\/p>\n<\/div>\n<\/div>\n<\/div>\n<\/div>\n<\/div>\n<\/div>\n<h3>Descripci\u00f3n del producto<\/h3>\n<p>Descripci\u00f3n del producto<\/p>\n<p> Jud\u00edas verdes redondas 100% naturales. Favorecen un ahorro de tiempo en la preparaci\u00f3n. C\u00f3modo almacenamiento y vers\u00e1tiles en la cocina. Perfectas para utilizar en guarniciones y platos saludables. &#8211; Caducidad: 60 meses Ingredientes<\/p>\n<p> Judias verdes, agua y sal direcci\u00f3n<\/p>\n<p> C\u00f3modo almacenamiento y vers\u00e1tiles en la cocina. Perfectas para utilizar en guarniciones y platos saludables Ver m\u00e1s<\/p>\n<h3>Recursos de seguridad y productos<\/h3>\n<p>Recursos de seguridad y productosIm\u00e1genes y contactosIm\u00e1genes y contactos de seguridad Recursos de seguridad y productosProblema al cargar la informaci\u00f3nLo sentimos, no hemos podido mostrar la informaci\u00f3n debido a un problema. Vuelve a cargar la p\u00e1gina o int\u00e9ntalo de nuevo m\u00e1s tarde.Im\u00e1genes y contactos Im\u00e1genes de seguridad del producto Informaci\u00f3n del fabricante Persona responsable Problema al cargar la informaci\u00f3nLo sentimos, no hemos podido mostrar la informaci\u00f3n de la persona responsable debido a un problema. Vuelve a cargar la p\u00e1gina o int\u00e9ntalo de nuevo m\u00e1s tarde.Problema al cargar la informaci\u00f3nLo sentimos, no hemos podido mostrar la informaci\u00f3n del fabricante debido a un problema. Vuelve a cargar la p\u00e1gina o int\u00e9ntalo de nuevo m\u00e1s tarde.Problema al cargar la informaci\u00f3nLo sentimos, no hemos podido mostrar las im\u00e1genes de seguridad del producto debido a un problema. Vuelve a cargar la p\u00e1gina o int\u00e9ntalo de nuevo m\u00e1s tarde.<\/p>\n<table id=\"productDetails_techSpec_section_1\" class=\"a-keyvalue prodDetTable\">\n<tr>\n<th class=\"a-color-secondary a-size-base prodDetSectionEntry\"> Dimensiones del producto <\/th>\n<td class=\"a-size-base prodDetAttrValue\"> &lrm;17,2 x 8 x 8 cm; 660 g <\/td>\n<\/tr>\n<tr>\n<th class=\"a-color-secondary a-size-base prodDetSectionEntry\"> Peso <\/th>\n<td class=\"a-size-base prodDetAttrValue\"> &lrm;660 Gramos <\/td>\n<\/tr>\n<tr>\n<th class=\"a-color-secondary a-size-base prodDetSectionEntry\"> Unidades <\/th>\n<td class=\"a-size-base prodDetAttrValue\"> &lrm;660.0 Gramos <\/td>\n<\/tr>\n<tr>\n<th class=\"a-color-secondary a-size-base prodDetSectionEntry\"> Peso neto <\/th>\n<td class=\"a-size-base prodDetAttrValue\"> &lrm;1045 Gramos <\/td>\n<\/tr>\n<tr>\n<th class=\"a-color-secondary a-size-base prodDetSectionEntry\"> Instrucciones de almacenaje <\/th>\n<td class=\"a-size-base prodDetAttrValue\"> &lrm;Almacenar en un sitio seco y oscuro <\/td>\n<\/tr>\n<tr>\n<th class=\"a-color-secondary a-size-base prodDetSectionEntry\"> Contacto del fabricante <\/th>\n<td class=\"a-size-base prodDetAttrValue\"> &lrm;Pol. Industrial el Ramal N\u00ba5 31580 Lodosa (Navarra) <\/td>\n<\/tr>\n<tr>\n<th class=\"a-color-secondary a-size-base prodDetSectionEntry\"> Marca <\/th>\n<td class=\"a-size-base prodDetAttrValue\"> &lrm;Ybarra <\/td>\n<\/tr>\n<tr>\n<th class=\"a-color-secondary a-size-base prodDetSectionEntry\"> Forma del Art\u00edculo <\/th>\n<td class=\"a-size-base prodDetAttrValue\"> &lrm;Rallado <\/td>\n<\/tr>\n<tr>\n<th class=\"a-color-secondary a-size-base prodDetSectionEntry\"> Regi\u00f3n de producci\u00f3n <\/th>\n<td class=\"a-size-base prodDetAttrValue\"> &lrm;EUROPA <\/td>\n<\/tr>\n<tr>\n<th class=\"a-color-secondary a-size-base prodDetSectionEntry\"> Funciones especiales <\/th>\n<td class=\"a-size-base prodDetAttrValue\"> &lrm;Apto para celiacos, Apto para veganos, Apto para vegetarianos <\/td>\n<\/tr>\n<tr>\n<th class=\"a-color-secondary a-size-base prodDetSectionEntry\"> Fabricante <\/th>\n<td class=\"a-size-base prodDetAttrValue\"> &lrm;Ybarra <\/td>\n<\/tr>\n<tr>\n<th class=\"a-color-secondary a-size-base prodDetSectionEntry\"> Peso del producto <\/th>\n<td class=\"a-size-base prodDetAttrValue\"> &lrm;660 g <\/td>\n<\/tr>\n<tr>\n<th class=\"a-color-secondary a-size-base prodDetSectionEntry\"> Pa\u00eds de origen <\/th>\n<td class=\"a-size-base prodDetAttrValue\"> &lrm;Espa\u00f1a <\/td>\n<\/tr>\n<\/table><\/div>\n","protected":false},"excerpt":{"rendered":"<ul>\n<li> Judias verdes redondas  <\/li>\n<li> Tradici\u00f3n, calidad y sabor  <\/li>\n<li> Apto para veganos  <\/li>\n<li> Apto para celiacos  <\/li>\n<li> \u200eAlmacenar en un sitio seco y oscuro  <\/li>\n<\/ul>\n","protected":false},"featured_media":6485,"comment_status":"open","ping_status":"closed","template":"","meta":[],"product_cat":[1297],"product_tag":[],"class_list":{"0":"post-6485","1":"product","2":"type-product","3":"status-publish","4":"has-post-thumbnail","6":"product_brand-marca-ybarra","7":"product_cat-judias","9":"first","10":"instock","11":"sale","12":"shipping-taxable","13":"purchasable","14":"product-type-simple"},"_links":{"self":[{"href":"https:\/\/ecotienda.com\/index.php?rest_route=\/wp\/v2\/product\/6485","targetHints":{"allow":["GET"]}}],"collection":[{"href":"https:\/\/ecotienda.com\/index.php?rest_route=\/wp\/v2\/product"}],"about":[{"href":"https:\/\/ecotienda.com\/index.php?rest_route=\/wp\/v2\/types\/product"}],"replies":[{"embeddable":true,"href":"https:\/\/ecotienda.com\/index.php?rest_route=%2Fwp%2Fv2%2Fcomments&post=6485"}],"wp:featuredmedia":[{"embeddable":true,"href":"https:\/\/ecotienda.com\/index.php?rest_route=\/wp\/v2\/product\/6485"}],"wp:attachment":[{"href":"https:\/\/ecotienda.com\/index.php?rest_route=%2Fwp%2Fv2%2Fmedia&parent=6485"}],"wp:term":[{"taxonomy":"product_cat","embeddable":true,"href":"https:\/\/ecotienda.com\/index.php?rest_route=%2Fwp%2Fv2%2Fproduct_cat&post=6485"},{"taxonomy":"product_tag","embeddable":true,"href":"https:\/\/ecotienda.com\/index.php?rest_route=%2Fwp%2Fv2%2Fproduct_tag&post=6485"}],"curies":[{"name":"wp","href":"https:\/\/api.w.org\/{rel}","templated":true}]}}