{"id":6489,"date":"2025-11-23T15:20:38","date_gmt":"2025-11-23T14:20:38","guid":{"rendered":"https:\/\/ecotienda.com\/?product=la-sirena-judia-entera-extrafina-premium-1kg-congelado"},"modified":"2025-11-23T15:20:40","modified_gmt":"2025-11-23T14:20:40","slug":"la-sirena-judia-entera-extrafina-premium-1kg-congelado","status":"publish","type":"product","link":"https:\/\/ecotienda.com\/?product=la-sirena-judia-entera-extrafina-premium-1kg-congelado","title":{"rendered":"La Sirena Jud\u00eda Entera Extrafina Premium, 1Kg (Congelado)"},"content":{"rendered":"<div class=\"woocommerce-product-details\">\n<div id=\"aplus_feature_div\" class=\"celwidget\" data-feature-name=\"aplus\" data-csa-c-type=\"widget\" data-csa-c-content-id=\"aplus\" data-csa-c-slot-id=\"aplus_feature_div\" data-csa-c-asin=\"\" data-csa-c-is-in-initial-active-row=\"false\">\n<div id=\"aplus\" class=\"a-section a-spacing-large bucket\">\n<h3 class=\"\">M\u00e1s informaci\u00f3n del producto<\/h3>\n<div lang=\"es_ES\">\n<div class=\"aplus-v2 desktop celwidget\">\n<div class=\"celwidget aplus-module module-12 aplus-standard\">\n<div class=\"aplus-module-wrapper apm-spacing apm-floatnone apm-fixed-width\">\n<div class=\"apm-sidemodule aplus-module-content\">\n<div class=\"apm-hero-image\"> <img data-opt-id=1444244923  fetchpriority=\"high\" decoding=\"async\" alt=\"front 3243\" src=\"https:\/\/m.media-amazon.com\/images\/S\/aplus-media-library-service-media\/fd3ee5db-69eb-40b4-b8d9-8becc292413f.__CR0,0,970,300_PT0_SX970_V1___.jpg\" \/ style=\"max-width: 100%; height: auto;\"> <\/div>\n<\/div>\n<\/div>\n<\/div>\n<div class=\"celwidget aplus-module module-8 aplus-standard\">\n<div class=\"aplus-module-wrapper apm-fixed-width\">\n<div class=\"apm-spacing\">\n<div class=\"apm-lefttwothirdswrap apm-floatleft\">\n<div class=\"apm-leftimage\"> <img data-opt-id=511644323  fetchpriority=\"high\" decoding=\"async\" alt=\"plato\" src=\"https:\/\/m.media-amazon.com\/images\/S\/aplus-media-library-service-media\/0e2e894b-278d-46f5-b876-7f16654a6224.__CR0,0,720,720_PT0_SX300_V1___.jpg\" \/ style=\"max-width: 100%; height: auto;\"> <\/div>\n<div class=\"apm-centerthirdcol\">\n<h3 class=\"a-spacing-mini\"> Jud\u00eda Entera Extrafina Premium <\/h3>\n<p class=\"a-spacing-base\"> Facilita tu rutina con las <span class=\"a-text-bold\">jud\u00edas enteras extrafinas<\/span>, un saludable plato para incluir en tus comidas de todos los d\u00edas. Sanas, f\u00e1ciles de cocinar y muy vers\u00e1tiles. <\/p>\n<p class=\"a-spacing-base\"> Estas <span class=\"a-text-bold\">tiernas y crujientes jud\u00edas verdes<\/span> son un producto muy polivalente que puede cocinarse de mil maneras distintas: hervidas, salteadas, al horno\u2026 Puedes cocinarlas solas o sacar tu lado m\u00e1s creativo creando deliciosas combinaciones con otros alimentos. <\/p>\n<p class=\"a-spacing-base\"> Jud\u00edas verdes <span class=\"a-text-bold\">recolectadas y congeladas el mismo d\u00eda<\/span>, para poder conservar todas sus caracter\u00edsticas y propiedades. Las jud\u00edas verdes son una <span class=\"a-text-bold\">fuente de fibra importante<\/span>, que ayuda en ladigesti\u00f3n, y adem\u00e1s aportan \u00e1cido f\u00f3lico, imprescindible durante el embarazo. <\/p>\n<p class=\"a-spacing-base\"> Se recomienda consumir verduras, un m\u00ednimo de dos veces al d\u00eda y estas jud\u00edas son una excelente opci\u00f3n para ello. <\/p>\n<\/p>\n<\/div>\n<\/div>\n<div class=\"apm-rightthirdcol\"> <\/div>\n<\/div>\n<\/div>\n<\/div>\n<div class=\"celwidget aplus-module launchpad-company-logo aplus-standard\">\n<div class=\"a-section a-text-center launchpad-module launchpad-module-company-logo\"> <img data-opt-id=1040236028  data-opt-src=\"https:\/\/m.media-amazon.com\/images\/S\/aplus-media-library-service-media\/0bb6120f-71c5-48f4-825e-ac92dcc0c06d.__CR0,0,600,180_PT0_SX600_V1___.jpg\"  decoding=\"async\" alt=\"logo sirena\" src=\"data:image/svg+xml,%3Csvg%20viewBox%3D%220%200%20100%%20100%%22%20width%3D%22100%%22%20height%3D%22100%%22%20xmlns%3D%22http%3A%2F%2Fwww.w3.org%2F2000%2Fsvg%22%3E%3Crect%20width%3D%22100%%22%20height%3D%22100%%22%20fill%3D%22transparent%22%2F%3E%3C%2Fsvg%3E\" \/ style=\"max-width: 100%; height: auto;\"> <\/div>\n<\/div>\n<div class=\"celwidget aplus-module module-9 aplus-standard\">\n<div class=\"aplus-module-wrapper apm-fixed-width apm-spacing\">\n<div class=\"apm-flex\">\n<div class=\"apm-flex-item-third-width\">\n<p class=\"apm-text-center\"> <img data-opt-id=1490475674  data-opt-src=\"https:\/\/m.media-amazon.com\/images\/S\/aplus-media-library-service-media\/abb5b2c7-4781-4cb5-80f1-77b33ee30a15.__CR0,0,720,720_PT0_SX300_V1___.jpg\"  decoding=\"async\" alt=\"receta salteado\" src=\"data:image/svg+xml,%3Csvg%20viewBox%3D%220%200%20100%%20100%%22%20width%3D%22100%%22%20height%3D%22100%%22%20xmlns%3D%22http%3A%2F%2Fwww.w3.org%2F2000%2Fsvg%22%3E%3Crect%20width%3D%22100%%22%20height%3D%22100%%22%20fill%3D%22transparent%22%2F%3E%3C%2Fsvg%3E\" \/ style=\"max-width: 100%; height: auto;\"> <\/p>\n<h4 class=\"a-spacing-mini\"> SALTEADO DE PATATAS, JUD\u00cdAS EXTRAFINAS Y SETAS <\/h4>\n<p> Calienta 450g de <span class=\"a-text-bold\">PATATAS CON AJO<\/span> Y <span class=\"a-text-bold\">PEREJIL <\/span>en un plato plano, tapado, en el microondas, a potencia media (500 W) de 4-5 minutos. Calienta una sart\u00e9n ancha y dora 300g de <span class=\"a-text-bold\">MEZCLA DE SETAS SILVESTRES PREMIUM<\/span> a fuego fuerte con aceite, sal y pimienta, 3 minutos. A\u00f1ade las patatas y deja que se doren 1 minuto. Baja el fuego y a\u00f1ade 300g de <span class=\"a-text-bold\">JUD\u00cdA EXTRAFINA EXTRA PREMIUM<\/span>. Tapa y cocina a fuego medio-bajo 5-6 minutos, hasta que las jud\u00edas queden <span class=\"a-text-italic\">al dente<\/span>. Salpimienta al gusto. <\/p>\n<\/p>\n<\/div>\n<div class=\"apm-flex-item-third-width\">\n<p class=\"apm-text-center\"> <img data-opt-id=1326108756  data-opt-src=\"https:\/\/m.media-amazon.com\/images\/S\/aplus-media-library-service-media\/a771c094-428e-40dd-bb43-4f9a085cc9ae.__CR0,0,720,720_PT0_SX300_V1___.jpg\"  decoding=\"async\" alt=\"surimi\" src=\"data:image/svg+xml,%3Csvg%20viewBox%3D%220%200%20100%%20100%%22%20width%3D%22100%%22%20height%3D%22100%%22%20xmlns%3D%22http%3A%2F%2Fwww.w3.org%2F2000%2Fsvg%22%3E%3Crect%20width%3D%22100%%22%20height%3D%22100%%22%20fill%3D%22transparent%22%2F%3E%3C%2Fsvg%3E\" \/ style=\"max-width: 100%; height: auto;\"> <\/p>\n<h4 class=\"a-spacing-mini\"> JUD\u00cdAS CON GAMBAS Y SURIMI <\/h4>\n<p> Descongela las <span class=\"a-text-bold\">VARITS DE SURIMI <\/span>unas horas antes en la nevera. Hierve la <span class=\"a-text-bold\">JUD\u00cdA EXTRAFINA EXTRA PREMIUM <\/span>durante 4 minutos, esc\u00farrela y sum\u00e9rgela en agua fr\u00eda, as\u00ed conservar\u00e1 un verde intenso y una textura crujiente. <\/p>\n<p> Cocina a la plancha las <span class=\"a-text-bold\">PECHUGAS DE POLLO <\/span>y salpimi\u00e9ntalas cuando les des la vuelta. <\/p>\n<p> Prepara la vinagreta: tritura el ma\u00edz en la batidora o en el mortero, a\u00f1ade un chorrito de aceite, un poco de zumo de naranja y una pizca de sal y pimienta. Corta a rodajas las <span class=\"a-text-bold\">VARITAS DE SURIMI <\/span>y el pollo a filetes. <\/p>\n<p> Finalmente, sirve la ensalada: pon en el plato todos los ingredientes y al\u00ed\u00f1ala con esta vinagreta tan original. <\/p>\n<\/p>\n<\/div>\n<\/div>\n<\/div>\n<\/div>\n<\/div>\n<\/div>\n<\/div>\n<\/div>\n<h3>Descripci\u00f3n del producto<\/h3>\n<p>Descripci\u00f3n del producto<\/p>\n<p> Judia Entera Extrafina Premium B.1Kg Ingredientes<\/p>\n<p> Judia entera extrafina ultracongelada direcci\u00f3n<\/p>\n<p> Descongelar antes de cocinar. Cocinar al vapor o hervir hasta que est\u00e9n tiernas. Ver m\u00e1s<\/p>\n<h3>Recursos de seguridad y productos<\/h3>\n<p>Recursos de seguridad y productosIm\u00e1genes y contactosIm\u00e1genes y contactos de seguridad Recursos de seguridad y productosProblema al cargar la informaci\u00f3nLo sentimos, no hemos podido mostrar la informaci\u00f3n debido a un problema. Vuelve a cargar la p\u00e1gina o int\u00e9ntalo de nuevo m\u00e1s tarde.Im\u00e1genes y contactos Im\u00e1genes de seguridad del producto Informaci\u00f3n del fabricante Persona responsable Problema al cargar la informaci\u00f3nLo sentimos, no hemos podido mostrar la informaci\u00f3n de la persona responsable debido a un problema. Vuelve a cargar la p\u00e1gina o int\u00e9ntalo de nuevo m\u00e1s tarde.Problema al cargar la informaci\u00f3nLo sentimos, no hemos podido mostrar la informaci\u00f3n del fabricante debido a un problema. Vuelve a cargar la p\u00e1gina o int\u00e9ntalo de nuevo m\u00e1s tarde.Problema al cargar la informaci\u00f3nLo sentimos, no hemos podido mostrar las im\u00e1genes de seguridad del producto debido a un problema. Vuelve a cargar la p\u00e1gina o int\u00e9ntalo de nuevo m\u00e1s tarde.<\/p>\n<table id=\"productDetails_techSpec_section_1\" class=\"a-keyvalue prodDetTable\">\n<tr>\n<th class=\"a-color-secondary a-size-base prodDetSectionEntry\"> Dimensiones del producto <\/th>\n<td class=\"a-size-base prodDetAttrValue\"> &lrm;31 x 4 x 21,6 cm; 1 kg <\/td>\n<\/tr>\n<tr>\n<th class=\"a-color-secondary a-size-base prodDetSectionEntry\"> Peso <\/th>\n<td class=\"a-size-base prodDetAttrValue\"> &lrm;1 Kilogramos <\/td>\n<\/tr>\n<tr>\n<th class=\"a-color-secondary a-size-base prodDetSectionEntry\"> Unidades <\/th>\n<td class=\"a-size-base prodDetAttrValue\"> &lrm;1000.0 Gramos <\/td>\n<\/tr>\n<tr>\n<th class=\"a-color-secondary a-size-base prodDetSectionEntry\"> Marca <\/th>\n<td class=\"a-size-base prodDetAttrValue\"> &lrm;La Sirena <\/td>\n<\/tr>\n<tr>\n<th class=\"a-color-secondary a-size-base prodDetSectionEntry\"> Forma del Art\u00edculo <\/th>\n<td class=\"a-size-base prodDetAttrValue\"> &lrm;Entera <\/td>\n<\/tr>\n<tr>\n<th class=\"a-color-secondary a-size-base prodDetSectionEntry\"> Fabricante <\/th>\n<td class=\"a-size-base prodDetAttrValue\"> &lrm;La Sirena <\/td>\n<\/tr>\n<tr>\n<th class=\"a-color-secondary a-size-base prodDetSectionEntry\"> Peso del producto <\/th>\n<td class=\"a-size-base prodDetAttrValue\"> &lrm;1 kg <\/td>\n<\/tr>\n<\/table><\/div>\n","protected":false},"excerpt":{"rendered":"<ul>\n<li> Tiernas y de gran sabor  <\/li>\n<li> Valor Energ\u00e9tico: 31 kcal\/131 kj; Grasas: 0 g (de las cuales, Saturadas: 0 g); Hidratos de Carbono: 4,1 g (de los cuales, Az\u00facares: 1,9 g); Fibra: 3,6 g; Prote\u00ednas: 1,9 g; Sal: 0,01 g  <\/li>\n<li> En congelador *** y **** (a -18\u00baC). Ver fecha de consumo preferente.  <\/li>\n<li> Las jud\u00edas verdes son una fuente de fibra que ayuda en la digesti\u00f3n y aportan \u00e1cido f\u00f3lico, muy importante en \u00e9pocas de embarazo  <\/li>\n<li> Conviene que consumas verduras un m\u00ednimo de dos veces al d\u00eda, ya sea como plato principal o como complemento  <\/li>\n<\/ul>\n","protected":false},"featured_media":6489,"comment_status":"open","ping_status":"closed","template":"","meta":[],"product_cat":[1297],"product_tag":[],"class_list":{"0":"post-6489","1":"product","2":"type-product","3":"status-publish","4":"has-post-thumbnail","6":"product_brand-marca-la-sirena","7":"product_cat-judias","9":"first","10":"instock","11":"shipping-taxable","12":"purchasable","13":"product-type-simple"},"_links":{"self":[{"href":"https:\/\/ecotienda.com\/index.php?rest_route=\/wp\/v2\/product\/6489","targetHints":{"allow":["GET"]}}],"collection":[{"href":"https:\/\/ecotienda.com\/index.php?rest_route=\/wp\/v2\/product"}],"about":[{"href":"https:\/\/ecotienda.com\/index.php?rest_route=\/wp\/v2\/types\/product"}],"replies":[{"embeddable":true,"href":"https:\/\/ecotienda.com\/index.php?rest_route=%2Fwp%2Fv2%2Fcomments&post=6489"}],"wp:featuredmedia":[{"embeddable":true,"href":"https:\/\/ecotienda.com\/index.php?rest_route=\/wp\/v2\/product\/6489"}],"wp:attachment":[{"href":"https:\/\/ecotienda.com\/index.php?rest_route=%2Fwp%2Fv2%2Fmedia&parent=6489"}],"wp:term":[{"taxonomy":"product_cat","embeddable":true,"href":"https:\/\/ecotienda.com\/index.php?rest_route=%2Fwp%2Fv2%2Fproduct_cat&post=6489"},{"taxonomy":"product_tag","embeddable":true,"href":"https:\/\/ecotienda.com\/index.php?rest_route=%2Fwp%2Fv2%2Fproduct_tag&post=6489"}],"curies":[{"name":"wp","href":"https:\/\/api.w.org\/{rel}","templated":true}]}}