{"id":6491,"date":"2025-11-23T15:20:55","date_gmt":"2025-11-23T14:20:55","guid":{"rendered":"https:\/\/ecotienda.com\/?product=gvtarra-judias-verdes-cortadas-en-tiras-660g"},"modified":"2025-11-23T15:20:56","modified_gmt":"2025-11-23T14:20:56","slug":"gvtarra-judias-verdes-cortadas-en-tiras-660g","status":"publish","type":"product","link":"https:\/\/ecotienda.com\/?product=gvtarra-judias-verdes-cortadas-en-tiras-660g","title":{"rendered":"Gvtarra Jud\u00edas Verdes Cortadas en Tiras, 660g"},"content":{"rendered":"<div class=\"woocommerce-product-details\">\n<h3>Descripci\u00f3n del producto<\/h3>\n<p>Descripci\u00f3n del producto<\/p>\n<p> Descripci\u00f3n del productoJudia verde tiras primeraIndicacionesAlmacenar En Ambiente Fresco Y Seco, Una Vez Abierto Mantener Refrigerado Y Consumir Antes Del Tercer D\u00eda De Su AperturaIngredientesJud\u00eda Verde, Agua, Sal, Antioxidante: \u00c1cido Asc\u00f3rbico Indicaciones<\/p>\n<p> Almacenar En Ambiente Fresco Y Seco, Una Vez Abierto Mantener Refrigerado Y Consumir Antes Del Tercer D\u00eda De Su Apertura Ingredientes<\/p>\n<p> Jud\u00eda Verde, Agua, Sal, Antioxidante: \u00c1cido Asc\u00f3rbico direcci\u00f3n<\/p>\n<p> Abrir y calentar el contenido del envase. Almacenar en ambiente fresco y seco, una vez abierto mantener refrigerado y consumir antes del tercer d\u00eda de su apertura. Ver m\u00e1s<\/p>\n<h3>Recursos de seguridad y productos<\/h3>\n<p>Recursos de seguridad y productosIm\u00e1genes y contactosIm\u00e1genes y contactos de seguridad Recursos de seguridad y productosProblema al cargar la informaci\u00f3nLo sentimos, no hemos podido mostrar la informaci\u00f3n debido a un problema. Vuelve a cargar la p\u00e1gina o int\u00e9ntalo de nuevo m\u00e1s tarde.Im\u00e1genes y contactos Im\u00e1genes de seguridad del producto Informaci\u00f3n del fabricante Persona responsable Problema al cargar la informaci\u00f3nLo sentimos, no hemos podido mostrar la informaci\u00f3n de la persona responsable debido a un problema. Vuelve a cargar la p\u00e1gina o int\u00e9ntalo de nuevo m\u00e1s tarde.Problema al cargar la informaci\u00f3nLo sentimos, no hemos podido mostrar la informaci\u00f3n del fabricante debido a un problema. Vuelve a cargar la p\u00e1gina o int\u00e9ntalo de nuevo m\u00e1s tarde.Problema al cargar la informaci\u00f3nLo sentimos, no hemos podido mostrar las im\u00e1genes de seguridad del producto debido a un problema. Vuelve a cargar la p\u00e1gina o int\u00e9ntalo de nuevo m\u00e1s tarde.<\/p>\n<table id=\"productDetails_techSpec_section_1\" class=\"a-keyvalue prodDetTable\">\n<tr>\n<th class=\"a-color-secondary a-size-base prodDetSectionEntry\"> Dimensiones del producto <\/th>\n<td class=\"a-size-base prodDetAttrValue\"> &lrm;13 x 10 x 10 cm; 510 g <\/td>\n<\/tr>\n<tr>\n<th class=\"a-color-secondary a-size-base prodDetSectionEntry\"> Nombre del producto <\/th>\n<td class=\"a-size-base prodDetAttrValue\"> &lrm;Judia verde tiras primera <\/td>\n<\/tr>\n<tr>\n<th class=\"a-color-secondary a-size-base prodDetSectionEntry\"> Informaci\u00f3n sobre al\u00e9rgenos <\/th>\n<td class=\"a-size-base prodDetAttrValue\"> &lrm;Contiene: Sin Gluten <\/td>\n<\/tr>\n<tr>\n<th class=\"a-color-secondary a-size-base prodDetSectionEntry\"> Peso <\/th>\n<td class=\"a-size-base prodDetAttrValue\"> &lrm;350 Gramos <\/td>\n<\/tr>\n<tr>\n<th class=\"a-color-secondary a-size-base prodDetSectionEntry\"> Unidades <\/th>\n<td class=\"a-size-base prodDetAttrValue\"> &lrm;660.0 Gramos <\/td>\n<\/tr>\n<tr>\n<th class=\"a-color-secondary a-size-base prodDetSectionEntry\"> Instrucciones de almacenaje <\/th>\n<td class=\"a-size-base prodDetAttrValue\"> &lrm;Almacenar en ambiente fresco y seco, una vez abierto mantener refrigerado y consumir antes del tercer d\u00eda de su apertura <\/td>\n<\/tr>\n<tr>\n<th class=\"a-color-secondary a-size-base prodDetSectionEntry\"> Contacto del fabricante <\/th>\n<td class=\"a-size-base prodDetAttrValue\"> &lrm;Poligono Industrial La Llanada &#8211; 26540 Alfaro La Rioja &#8211; Poligono Industrial La Llanada &#8211; 26540 Alfaro La Rioja <\/td>\n<\/tr>\n<tr>\n<th class=\"a-color-secondary a-size-base prodDetSectionEntry\"> Pa\u00eds de origen <\/th>\n<td class=\"a-size-base prodDetAttrValue\"> &lrm;ESPA\u00d1A <\/td>\n<\/tr>\n<tr>\n<th class=\"a-color-secondary a-size-base prodDetSectionEntry\"> Marca <\/th>\n<td class=\"a-size-base prodDetAttrValue\"> &lrm;Gvtarra <\/td>\n<\/tr>\n<tr>\n<th class=\"a-color-secondary a-size-base prodDetSectionEntry\"> Forma del Art\u00edculo <\/th>\n<td class=\"a-size-base prodDetAttrValue\"> &lrm;Tiras <\/td>\n<\/tr>\n<tr>\n<th class=\"a-color-secondary a-size-base prodDetSectionEntry\"> Funciones especiales <\/th>\n<td class=\"a-size-base prodDetAttrValue\"> &lrm;Alto contenido en fibra <\/td>\n<\/tr>\n<tr>\n<th class=\"a-color-secondary a-size-base prodDetSectionEntry\"> Certificaci\u00f3n <\/th>\n<td class=\"a-size-base prodDetAttrValue\"> &lrm;Punto Verde &#8211; ARA <\/td>\n<\/tr>\n<tr>\n<th class=\"a-color-secondary a-size-base prodDetSectionEntry\"> Fabricante <\/th>\n<td class=\"a-size-base prodDetAttrValue\"> &lrm;CVAS VEGETALES DOS VILLAS,S.L <\/td>\n<\/tr>\n<tr>\n<th class=\"a-color-secondary a-size-base prodDetSectionEntry\"> Peso del producto <\/th>\n<td class=\"a-size-base prodDetAttrValue\"> &lrm;510 g <\/td>\n<\/tr>\n<\/table><\/div>\n","protected":false},"excerpt":{"rendered":"<ul>\n<li> Jud\u00edas verdes en conserva 100% naturales; sin grasas, sin az\u00facares, sin al\u00e9rgenos y sin gluten. Con un alto contenido de fibra y hierro, conservando todo el sabor y la frescura de nuestra cosecha. Este producto ha sido elaborado en Navarra, Espa\u00f1a.  <\/li>\n<li> Por su versatilidad las jud\u00edas verdes son de las verduras que mas se consumen en el mundo y con estas jud\u00edas en conserva puedes preparar cualquier plato que se te venga a la mente ahorrandote varios pasos en su preparaci\u00f3n. Nuestras conservas Gvtarra traen todo el sabor y beneficios de las jud\u00edas a tus recetas.  <\/li>\n<li> Cosechamos directamente a tu mesa, conservando sabores y nutrientes originales en nuestros productos y tray\u00e9ndote vegetales frescos todos los d\u00edas. Disfruta de ensaladillas, guisos y cocidos con estas jud\u00edas verdes finamente cortadas y listas para ser utilizadas.  <\/li>\n<li> Producto sostenible: En Gvtarra promovemos un modelo de agricultura sostenible, nuestras conservas viven un proceso de producci\u00f3n con m\u00ednimo desperdicio y son envasadas en frascos reutilizables.  <\/li>\n<li> Frasco de vidrio con tapa abref\u00e1cil, contiene 350g de peso escurrido de jud\u00edas verdes en julianas conservadas en agua, sal y antioxidante.  <\/li>\n<\/ul>\n","protected":false},"featured_media":6491,"comment_status":"open","ping_status":"closed","template":"","meta":[],"product_cat":[1297],"product_tag":[],"class_list":{"0":"post-6491","1":"product","2":"type-product","3":"status-publish","4":"has-post-thumbnail","6":"product_brand-marca-gvtarra","7":"product_cat-judias","9":"first","10":"instock","11":"sale","12":"shipping-taxable","13":"purchasable","14":"product-type-simple"},"_links":{"self":[{"href":"https:\/\/ecotienda.com\/index.php?rest_route=\/wp\/v2\/product\/6491","targetHints":{"allow":["GET"]}}],"collection":[{"href":"https:\/\/ecotienda.com\/index.php?rest_route=\/wp\/v2\/product"}],"about":[{"href":"https:\/\/ecotienda.com\/index.php?rest_route=\/wp\/v2\/types\/product"}],"replies":[{"embeddable":true,"href":"https:\/\/ecotienda.com\/index.php?rest_route=%2Fwp%2Fv2%2Fcomments&post=6491"}],"wp:featuredmedia":[{"embeddable":true,"href":"https:\/\/ecotienda.com\/index.php?rest_route=\/wp\/v2\/product\/6491"}],"wp:attachment":[{"href":"https:\/\/ecotienda.com\/index.php?rest_route=%2Fwp%2Fv2%2Fmedia&parent=6491"}],"wp:term":[{"taxonomy":"product_cat","embeddable":true,"href":"https:\/\/ecotienda.com\/index.php?rest_route=%2Fwp%2Fv2%2Fproduct_cat&post=6491"},{"taxonomy":"product_tag","embeddable":true,"href":"https:\/\/ecotienda.com\/index.php?rest_route=%2Fwp%2Fv2%2Fproduct_tag&post=6491"}],"curies":[{"name":"wp","href":"https:\/\/api.w.org\/{rel}","templated":true}]}}