{"id":6499,"date":"2025-11-23T15:22:49","date_gmt":"2025-11-23T14:22:49","guid":{"rendered":"https:\/\/ecotienda.com\/?product=florette-ensalada-brotes-espinaca-especial-ensaladas-125-g"},"modified":"2025-11-23T15:22:51","modified_gmt":"2025-11-23T14:22:51","slug":"florette-ensalada-brotes-espinaca-especial-ensaladas-125-g","status":"publish","type":"product","link":"https:\/\/ecotienda.com\/?product=florette-ensalada-brotes-espinaca-especial-ensaladas-125-g","title":{"rendered":"FLORETTE Ensalada Brotes Espinaca (especial ensaladas) &#8211; 125 g"},"content":{"rendered":"<div class=\"woocommerce-product-details\">\n<div id=\"aplus_feature_div\" class=\"celwidget\" data-feature-name=\"aplus\" data-csa-c-type=\"widget\" data-csa-c-content-id=\"aplus\" data-csa-c-slot-id=\"aplus_feature_div\" data-csa-c-asin=\"\" data-csa-c-is-in-initial-active-row=\"false\">\n<div id=\"aplus\" class=\"a-section a-spacing-large bucket\">\n<h3 class=\"\">M\u00e1s informaci\u00f3n del producto<\/h3>\n<div lang=\"es_ES\">\n<div class=\"aplus-v2 desktop celwidget\">\n<div class=\"celwidget aplus-module module-1 aplus-standard\">\n<div class=\"aplus-module-wrapper apm-fixed-width\">\n<div class=\"apm-spacing apm-wrap\">\n<div class=\"apm-floatleft apm-wrap\">\n<div class=\"apm-leftimage\"> <img data-opt-id=40247754  fetchpriority=\"high\" decoding=\"async\" alt=\"Brotes\" src=\"https:\/\/m.media-amazon.com\/images\/S\/aplus-media-library-service-media\/c968484b-1807-4861-831b-4de258816458.__CR156,0,731,975_PT0_SX300_V1___.jpg\" \/ style=\"max-width: 100%; height: auto;\"> <\/div>\n<div class=\"apm-rightthirdcol\">\n<div class=\"apm-rightthirdcol-inner\"> <img data-opt-id=988869053  fetchpriority=\"high\" decoding=\"async\" alt=\"Logo\" src=\"https:\/\/m.media-amazon.com\/images\/S\/aplus-media-library-service-media\/0b4eab3c-e56c-4660-b6a9-aa6157dc28bb.__CR10,0,702,351_PT0_SX350_V1___.png\" \/ style=\"max-width: 100%; height: auto;\"> <\/p>\n<h5 class=\"a-color-secondary\"> Descubre la importancia de \u00a1COMER BIEN PARA SER FELIZ! <\/h5>\n<\/p>\n<\/div>\n<\/div>\n<div class=\"apm-centerthirdcol apm-wrap\">\n<h3 class=\"a-spacing-mini\"> \u00a1DISFRUTA COMO NUNCA DE LOS PRIMEROS BROTES! <\/h3>\n<h4 class=\"a-spacing-mini a-color-secondary a-text-italic\"> Selecciona tus brotes favoritos y disfr\u00fatalos en tu ensalada <\/h4>\n<p class=\"a-spacing-base\"> La mejor selecci\u00f3n de los <span class=\"a-text-bold\">primeros brotes<\/span> m\u00e1s tiernos. \u00a1Pon a prueba tu creatividad y disfruta de las <span class=\"a-text-bold\">ensaladas<\/span> m\u00e1s <span class=\"a-text-bold\">coloridas<\/span> y <span class=\"a-text-bold\">originales<\/span>! <\/p>\n<div class=\"amp-centerthirdcol-listbox\">\n<div class=\"a-box a-spacing-small a-color-alternate-background apm-listbox amp-centerthirdcol-listbox\">\n<div class=\"a-box-inner\">\n<ul class=\"a-unordered-list a-vertical\">\n<li><span class=\"a-list-item\"> <span class=\"a-size-base\"> PRIMEROS BROTES D\u00daO CAN\u00d3NIGO + R\u00daCULA \u00abUn d\u00fao de sorprendentes contrastes\u00bb <\/span> <\/span><\/li>\n<li><span class=\"a-list-item\"> <span class=\"a-size-base\"> PRIMEROS BROTES CLASSICS \u00abTus brotes m\u00e1s tiernos\u00bb <\/span> <\/span><\/li>\n<li><span class=\"a-list-item\"> <span class=\"a-size-base\"> PRIMEROS BROTES R\u00daCULA \u00ab\u00bfTe atreves con su toque picante?\u00bb <\/span> <\/span><\/li>\n<li><span class=\"a-list-item\"> <span class=\"a-size-base\"> PRIMEROS BROTES GOURMET \u00ab\u00a1La mezcla de brotes m\u00e1s gourmet!\u00bb <\/span> <\/span><\/li>\n<li><span class=\"a-list-item\"> <span class=\"a-size-base\"> PRIMEROS BROTES DELUXE \u00abUna apetitosa mezcla de colores\u00bb <\/span> <\/span><\/li>\n<li><span class=\"a-list-item\"> <span class=\"a-size-base\"> ENSALADA MEZCLA TIERNA \u00abLa mezcla de los brotes m\u00e1s tiernos\u00bb <\/span> <\/span><\/li>\n<li><span class=\"a-list-item\"> <span class=\"a-size-base\"> PRIMEROS BROTES ESPINACA \u00abUn cl\u00e1sico en su versi\u00f3n m\u00e1s tierna\u00bb <\/span> <\/span><\/li>\n<\/ul>\n<\/div><\/div>\n<\/div>\n<\/div>\n<\/div>\n<\/div>\n<\/div>\n<\/div>\n<div class=\"celwidget aplus-module module-11 aplus-standard\">\n<div class=\"aplus-module-wrapper apm-spacing apm-floatnone apm-fixed-width\">\n<div class=\"apm-sidemodule aplus-module-content\">\n<div class=\"apm-hero-image\"> <img data-opt-id=227238101  data-opt-src=\"https:\/\/m.media-amazon.com\/images\/S\/aplus-media-library-service-media\/06e14e7c-8aac-4621-9823-867eaad58a8b.__CR0,926,5184,1603_PT0_SX970_V1___.jpg\"  decoding=\"async\" alt=\"Ensalada, Florette, \" src=\"data:image/svg+xml,%3Csvg%20viewBox%3D%220%200%20100%%20100%%22%20width%3D%22100%%22%20height%3D%22100%%22%20xmlns%3D%22http%3A%2F%2Fwww.w3.org%2F2000%2Fsvg%22%3E%3Crect%20width%3D%22100%%22%20height%3D%22100%%22%20fill%3D%22transparent%22%2F%3E%3C%2Fsvg%3E\" \/ style=\"max-width: 100%; height: auto;\"> <\/div>\n<div class=\"apm-heromodule-textright apm-hero-text\">\n<h3> \u00bfSABES POR QU\u00c9 LAS ENSALADAS FLORETTE EST\u00c1N TAN BUENAS? <\/h3>\n<p> Porque las cultivamos sin prisas, respetando su crecimiento natural. <\/p>\n<p> \u00a1Este es el secreto del sabor FLORETTE! <\/p>\n<\/p>\n<\/div>\n<\/div>\n<\/div>\n<\/div>\n<\/div>\n<\/div>\n<\/div>\n<\/div>\n<h3>Descripci\u00f3n del producto<\/h3>\n<p>Descripci\u00f3n del producto<\/p>\n<p> Florette es la marca N\u00ba1 en ensaladas listas para tomar cuando y donde quieras: oficina, al aire libre, en casa. La bolsa de Ensalada Brotes Espinaca, un cl\u00e1sico en su versi\u00f3n m\u00e1s tierna. \u00a1S\u00e1cale partido a la espinaca y disfr\u00fatala tambi\u00e9n en ensalada PERSONALIZA la ensalada a tu gusto con ayuda de la mejor base vegetal. Su sabor suave es ideal para maridarlo con queso, frutos y nueces. Contenido de la caja<\/p>\n<p> Ensalada<\/p>\n<h3>Recursos de seguridad y productos<\/h3>\n<p>Recursos de seguridad y productosIm\u00e1genes y contactosIm\u00e1genes y contactos de seguridad Recursos de seguridad y productosProblema al cargar la informaci\u00f3nLo sentimos, no hemos podido mostrar la informaci\u00f3n debido a un problema. Vuelve a cargar la p\u00e1gina o int\u00e9ntalo de nuevo m\u00e1s tarde.Im\u00e1genes y contactos Im\u00e1genes de seguridad del producto Informaci\u00f3n del fabricante Persona responsable Problema al cargar la informaci\u00f3nLo sentimos, no hemos podido mostrar la informaci\u00f3n de la persona responsable debido a un problema. Vuelve a cargar la p\u00e1gina o int\u00e9ntalo de nuevo m\u00e1s tarde.Problema al cargar la informaci\u00f3nLo sentimos, no hemos podido mostrar la informaci\u00f3n del fabricante debido a un problema. Vuelve a cargar la p\u00e1gina o int\u00e9ntalo de nuevo m\u00e1s tarde.Problema al cargar la informaci\u00f3nLo sentimos, no hemos podido mostrar las im\u00e1genes de seguridad del producto debido a un problema. Vuelve a cargar la p\u00e1gina o int\u00e9ntalo de nuevo m\u00e1s tarde.<\/p>\n<table id=\"productDetails_techSpec_section_1\" class=\"a-keyvalue prodDetTable\">\n<tr>\n<th class=\"a-color-secondary a-size-base prodDetSectionEntry\"> Dimensiones del paquete <\/th>\n<td class=\"a-size-base prodDetAttrValue\"> &lrm;21 x 19 x 4 cm; 125 g <\/td>\n<\/tr>\n<tr>\n<th class=\"a-color-secondary a-size-base prodDetSectionEntry\"> Nombre del producto <\/th>\n<td class=\"a-size-base prodDetAttrValue\"> &lrm;Ensalada Brotes Espinaca <\/td>\n<\/tr>\n<tr>\n<th class=\"a-color-secondary a-size-base prodDetSectionEntry\"> Peso <\/th>\n<td class=\"a-size-base prodDetAttrValue\"> &lrm;125 Gramos <\/td>\n<\/tr>\n<tr>\n<th class=\"a-color-secondary a-size-base prodDetSectionEntry\"> Unidades <\/th>\n<td class=\"a-size-base prodDetAttrValue\"> &lrm;125.0 Gramos <\/td>\n<\/tr>\n<tr>\n<th class=\"a-color-secondary a-size-base prodDetSectionEntry\"> Contacto del fabricante <\/th>\n<td class=\"a-size-base prodDetAttrValue\"> &lrm;P.I. El Olivo, C\/2 n\u00ba 1, 31320 Milagro (Navarra) &#8211; P.I. El Olivo, C\/2 n\u00ba 1, 31320 Milagro (Navarra) <\/td>\n<\/tr>\n<tr>\n<th class=\"a-color-secondary a-size-base prodDetSectionEntry\"> Pa\u00eds de origen <\/th>\n<td class=\"a-size-base prodDetAttrValue\"> &lrm;ESPA\u00d1A <\/td>\n<\/tr>\n<tr>\n<th class=\"a-color-secondary a-size-base prodDetSectionEntry\"> Marca <\/th>\n<td class=\"a-size-base prodDetAttrValue\"> &lrm;Florette <\/td>\n<\/tr>\n<tr>\n<th class=\"a-color-secondary a-size-base prodDetSectionEntry\"> Fabricante <\/th>\n<td class=\"a-size-base prodDetAttrValue\"> &lrm;Florette <\/td>\n<\/tr>\n<tr>\n<th class=\"a-color-secondary a-size-base prodDetSectionEntry\"> Peso del producto <\/th>\n<td class=\"a-size-base prodDetAttrValue\"> &lrm;125 g <\/td>\n<\/tr>\n<tr>\n<th class=\"a-color-secondary a-size-base prodDetSectionEntry\"> Pa\u00eds de origen <\/th>\n<td class=\"a-size-base prodDetAttrValue\"> &lrm;Espa\u00f1a <\/td>\n<\/tr>\n<\/table><\/div>\n","protected":false},"excerpt":{"rendered":"<ul>\n<li> Bolsa para ensalada que incluye brotes de espinacas  <\/li>\n<li> Componentes saludables: \u00e1cido f\u00f3lico, fibra y prote\u00ednas  <\/li>\n<li> Amanida  <\/li>\n<li> Personaliza la ensalada a tu gusto con ayuda de la mejor base vegetal  <\/li>\n<li> Valor energ\u00e9tico\/energ\u00eda (100gr): 79kj\/19 kcal  <\/li>\n<li> Sal\/100gr: 0,08gr  <\/li>\n<\/ul>\n","protected":false},"featured_media":6499,"comment_status":"open","ping_status":"closed","template":"","meta":[],"product_cat":[1298],"product_tag":[],"class_list":{"0":"post-6499","1":"product","2":"type-product","3":"status-publish","4":"has-post-thumbnail","6":"product_brand-marca-florette","7":"product_cat-lechuga-col-espinacas","9":"first","10":"instock","11":"sale","12":"shipping-taxable","13":"purchasable","14":"product-type-simple"},"_links":{"self":[{"href":"https:\/\/ecotienda.com\/index.php?rest_route=\/wp\/v2\/product\/6499","targetHints":{"allow":["GET"]}}],"collection":[{"href":"https:\/\/ecotienda.com\/index.php?rest_route=\/wp\/v2\/product"}],"about":[{"href":"https:\/\/ecotienda.com\/index.php?rest_route=\/wp\/v2\/types\/product"}],"replies":[{"embeddable":true,"href":"https:\/\/ecotienda.com\/index.php?rest_route=%2Fwp%2Fv2%2Fcomments&post=6499"}],"wp:featuredmedia":[{"embeddable":true,"href":"https:\/\/ecotienda.com\/index.php?rest_route=\/wp\/v2\/product\/6499"}],"wp:attachment":[{"href":"https:\/\/ecotienda.com\/index.php?rest_route=%2Fwp%2Fv2%2Fmedia&parent=6499"}],"wp:term":[{"taxonomy":"product_cat","embeddable":true,"href":"https:\/\/ecotienda.com\/index.php?rest_route=%2Fwp%2Fv2%2Fproduct_cat&post=6499"},{"taxonomy":"product_tag","embeddable":true,"href":"https:\/\/ecotienda.com\/index.php?rest_route=%2Fwp%2Fv2%2Fproduct_tag&post=6499"}],"curies":[{"name":"wp","href":"https:\/\/api.w.org\/{rel}","templated":true}]}}